{"id":8147,"date":"2022-07-24T09:20:45","date_gmt":"2022-07-24T07:20:45","guid":{"rendered":"https:\/\/urbenag.ch\/je-suis-architecte-ou-entrepreneur-general\/"},"modified":"2023-08-17T20:06:07","modified_gmt":"2023-08-17T18:06:07","slug":"je-suis-architecte-ou-entrepreneur-general","status":"publish","type":"page","link":"https:\/\/urbenag.ch\/fr\/clients-professionnels\/je-suis-architecte-ou-entrepreneur-general\/","title":{"rendered":"Je suis architecte ou entrepreneur g\u00e9n\u00e9ral"},"content":{"rendered":"\n<figure class=\"wp-block-image size-large is-resized\"><img loading=\"lazy\" decoding=\"async\" src=\"https:\/\/urbenag.ch\/wp-content\/uploads\/2022\/07\/Architekt-1024x682.jpg\" alt=\"\" class=\"wp-image-7655\" width=\"1052\" height=\"701\" srcset=\"https:\/\/urbenag.ch\/wp-content\/uploads\/2022\/07\/Architekt-1024x682.jpg 1024w, https:\/\/urbenag.ch\/wp-content\/uploads\/2022\/07\/Architekt-300x200.jpg 300w, https:\/\/urbenag.ch\/wp-content\/uploads\/2022\/07\/Architekt-768x512.jpg 768w, https:\/\/urbenag.ch\/wp-content\/uploads\/2022\/07\/Architekt-1536x1024.jpg 1536w, https:\/\/urbenag.ch\/wp-content\/uploads\/2022\/07\/Architekt.jpg 2000w\" sizes=\"auto, (max-width: 1052px) 100vw, 1052px\" \/><\/figure>\n\n<p>En tant qu&#8217;<strong>architecte<\/strong> ou <strong>entrepreneur g\u00e9n\u00e9ral<\/strong>, tu proposes \u00e0 tes ma\u00eetres d&#8217;ouvrage un <strong>package complet<\/strong> et les aides ainsi \u00e0 emm\u00e9nager dans leur maison cl\u00e9 en main. Ou bien tu construis des lotissements ou des immeubles collectifs dans lesquels tu souhaites louer une cuisine d\u00e9j\u00e0 pr\u00eate.  <\/p>\n\n<p>Comme tu as probablement assez \u00e0 faire avec la conception des projets et la planification, l&#8217;ex\u00e9cution et la supervision des travaux, nous aimerions te d\u00e9charger de certaines t\u00e2ches. Nous nous occupons <strong>enti\u00e8rement de l&#8217;\u00e9quipement des cuisines<\/strong> avec les appareils souhait\u00e9s de la plupart des fabricants de marque. Tu donnes un budget, tu fais ton choix et nous nous chargeons du reste, jusqu&#8217;\u00e0 la<strong> livraison et l&#8217;installation <\/strong>des appareils. Nous travaillons en \u00e9troite collaboration avec la planification de la construction et du projet et <strong>nous nous int\u00e9grons parfaitement<\/strong> dans les processus de travail.  <\/p>\n\n<p>Bien entendu, nous prenons \u00e9galement en charge toutes les <strong>prestations de garantie<\/strong> et nous nous occupons de tout ce qui est n\u00e9cessaire avec les fabricants. Tu n&#8217;as <strong>aucun travail \u00e0 faire<\/strong>, si ce n&#8217;est de nous appeler et de nous informer du cas de garantie. La prochaine chose que tu entendras \u00e0 ce sujet sera simplement notre <strong>reconfirmation<\/strong> de la r\u00e9ussite de la manipulation.  <\/p>\n\n<p class=\"has-ast-global-color-6-background-color has-background\">N&#8217;h\u00e9site pas \u00e0 nous appeler ou \u00e0 nous envoyer un e-mail. Nous aimerions travailler avec toi et garantissons d&#8217;ores et d\u00e9j\u00e0 une coop\u00e9ration fructueuse pour toutes les parties.<\/p>\n","protected":false},"excerpt":{"rendered":"<p>En tant qu&#8217;architecte ou entrepreneur g\u00e9n\u00e9ral, tu proposes \u00e0 tes ma\u00eetres d&#8217;ouvrage un package complet et les aides ainsi \u00e0 emm\u00e9nager dans leur maison cl\u00e9 en main. Ou bien tu construis des lotissements ou des immeubles collectifs dans lesquels tu souhaites louer une cuisine d\u00e9j\u00e0 pr\u00eate. Comme tu as probablement assez \u00e0 faire avec la [&hellip;]<\/p>\n","protected":false},"author":1,"featured_media":0,"parent":8149,"menu_order":0,"comment_status":"closed","ping_status":"closed","template":"","meta":{"_uag_custom_page_level_css":"","site-sidebar-layout":"default","site-content-layout":"","ast-site-content-layout":"default","site-content-style":"default","site-sidebar-style":"default","ast-global-header-display":"","ast-banner-title-visibility":"","ast-main-header-display":"","ast-hfb-above-header-display":"","ast-hfb-below-header-display":"","ast-hfb-mobile-header-display":"","site-post-title":"","ast-breadcrumbs-content":"","ast-featured-img":"","footer-sml-layout":"","ast-disable-related-posts":"","theme-transparent-header-meta":"","adv-header-id-meta":"","stick-header-meta":"","header-above-stick-meta":"","header-main-stick-meta":"","header-below-stick-meta":"","astra-migrate-meta-layouts":"default","ast-page-background-enabled":"default","ast-page-background-meta":{"desktop":{"background-color":"","background-image":"","background-repeat":"repeat","background-position":"center center","background-size":"auto","background-attachment":"scroll","background-type":"","background-media":"","overlay-type":"","overlay-color":"","overlay-opacity":"","overlay-gradient":""},"tablet":{"background-color":"","background-image":"","background-repeat":"repeat","background-position":"center center","background-size":"auto","background-attachment":"scroll","background-type":"","background-media":"","overlay-type":"","overlay-color":"","overlay-opacity":"","overlay-gradient":""},"mobile":{"background-color":"","background-image":"","background-repeat":"repeat","background-position":"center center","background-size":"auto","background-attachment":"scroll","background-type":"","background-media":"","overlay-type":"","overlay-color":"","overlay-opacity":"","overlay-gradient":""}},"ast-content-background-meta":{"desktop":{"background-color":"var(--ast-global-color-5)","background-image":"","background-repeat":"repeat","background-position":"center center","background-size":"auto","background-attachment":"scroll","background-type":"","background-media":"","overlay-type":"","overlay-color":"","overlay-opacity":"","overlay-gradient":""},"tablet":{"background-color":"var(--ast-global-color-5)","background-image":"","background-repeat":"repeat","background-position":"center center","background-size":"auto","background-attachment":"scroll","background-type":"","background-media":"","overlay-type":"","overlay-color":"","overlay-opacity":"","overlay-gradient":""},"mobile":{"background-color":"var(--ast-global-color-5)","background-image":"","background-repeat":"repeat","background-position":"center center","background-size":"auto","background-attachment":"scroll","background-type":"","background-media":"","overlay-type":"","overlay-color":"","overlay-opacity":"","overlay-gradient":""}},"footnotes":""},"class_list":["post-8147","page","type-page","status-publish","hentry"],"uagb_featured_image_src":{"full":false,"thumbnail":false,"medium":false,"medium_large":false,"large":false,"1536x1536":false,"2048x2048":false},"uagb_author_info":{"display_name":"Raphael","author_link":"https:\/\/urbenag.ch\/fr\/author\/rapsli\/"},"uagb_comment_info":0,"uagb_excerpt":"En tant qu&#8217;architecte ou entrepreneur g\u00e9n\u00e9ral, tu proposes \u00e0 tes ma\u00eetres d&#8217;ouvrage un package complet et les aides ainsi \u00e0 emm\u00e9nager dans leur maison cl\u00e9 en main. Ou bien tu construis des lotissements ou des immeubles collectifs dans lesquels tu souhaites louer une cuisine d\u00e9j\u00e0 pr\u00eate. Comme tu as probablement assez \u00e0 faire avec la\u2026","_links":{"self":[{"href":"https:\/\/urbenag.ch\/fr\/wp-json\/wp\/v2\/pages\/8147","targetHints":{"allow":["GET"]}}],"collection":[{"href":"https:\/\/urbenag.ch\/fr\/wp-json\/wp\/v2\/pages"}],"about":[{"href":"https:\/\/urbenag.ch\/fr\/wp-json\/wp\/v2\/types\/page"}],"author":[{"embeddable":true,"href":"https:\/\/urbenag.ch\/fr\/wp-json\/wp\/v2\/users\/1"}],"replies":[{"embeddable":true,"href":"https:\/\/urbenag.ch\/fr\/wp-json\/wp\/v2\/comments?post=8147"}],"version-history":[{"count":0,"href":"https:\/\/urbenag.ch\/fr\/wp-json\/wp\/v2\/pages\/8147\/revisions"}],"up":[{"embeddable":true,"href":"https:\/\/urbenag.ch\/fr\/wp-json\/wp\/v2\/pages\/8149"}],"wp:attachment":[{"href":"https:\/\/urbenag.ch\/fr\/wp-json\/wp\/v2\/media?parent=8147"}],"curies":[{"name":"wp","href":"https:\/\/api.w.org\/{rel}","templated":true}]}}