{"id":8145,"date":"2022-07-24T09:00:58","date_gmt":"2022-07-24T07:00:58","guid":{"rendered":"https:\/\/urbenag.ch\/je-suis-exploitant-ou-gestionnaire\/"},"modified":"2023-08-17T20:06:07","modified_gmt":"2023-08-17T18:06:07","slug":"je-suis-exploitant-ou-gestionnaire","status":"publish","type":"page","link":"https:\/\/urbenag.ch\/fr\/clients-professionnels\/je-suis-exploitant-ou-gestionnaire\/","title":{"rendered":"Je suis exploitant ou gestionnaire"},"content":{"rendered":"\n<figure class=\"wp-block-image size-large is-resized\"><img loading=\"lazy\" decoding=\"async\" src=\"https:\/\/urbenag.ch\/wp-content\/uploads\/2022\/07\/Bewirtschafter-1024x682.jpg\" alt=\"\" class=\"wp-image-7647\" width=\"1051\" height=\"700\" srcset=\"https:\/\/urbenag.ch\/wp-content\/uploads\/2022\/07\/Bewirtschafter-1024x682.jpg 1024w, https:\/\/urbenag.ch\/wp-content\/uploads\/2022\/07\/Bewirtschafter-300x200.jpg 300w, https:\/\/urbenag.ch\/wp-content\/uploads\/2022\/07\/Bewirtschafter-768x512.jpg 768w, https:\/\/urbenag.ch\/wp-content\/uploads\/2022\/07\/Bewirtschafter-1536x1024.jpg 1536w, https:\/\/urbenag.ch\/wp-content\/uploads\/2022\/07\/Bewirtschafter.jpg 2000w\" sizes=\"auto, (max-width: 1051px) 100vw, 1051px\" \/><\/figure>\n\n<p>En tant qu&#8217;<strong>administrateur de biens<\/strong>, tu as d&#8217;innombrables t\u00e2ches \u00e0 accomplir au quotidien. Nous voulons t&#8217;aider. S&#8217;il s&#8217;agit de conseiller un propri\u00e9taire d&#8217;appartement sur l&#8217;<strong>achat de nouveaux appareils de cuisine<\/strong> ou si tu as besoin occasionnellement d&#8217;un <strong>service de r\u00e9paration fiable<\/strong>, nous sommes \u00e0 tes c\u00f4t\u00e9s.  <\/p>\n\n<p>Si tu g\u00e8res un appartement ou une maison dont les appareils sont tomb\u00e9s en panne pendant la p\u00e9riode de garantie, nous t&#8217;aidons \u00e0 <strong>r\u00e9gler les questions de garantie<\/strong>. M\u00eame si des r\u00e9parations sont n\u00e9cessaires en dehors de la p\u00e9riode de garantie, nous nous en occupons volontiers. Lorsqu&#8217;il s&#8217;agit de projets plus importants, nous faisons \u00e9galement appel \u00e0 des menuisiers, des \u00e9lectriciens ou d&#8217;autres corps de m\u00e9tier. De cette mani\u00e8re, tu n&#8217;as \u00e0 t&#8217;occuper de rien.  <\/p>\n\n<p>Il en va de m\u00eame pour le <strong>nettoyage et l&#8217;entretien des appareils<\/strong>, par exemple lors d&#8217;un changement de locataire. Nous enlevons \u00e9galement des appareils lorsqu&#8217;un locataire d\u00e9m\u00e9nage ou que d&#8217;autres appareils ont \u00e9t\u00e9 livr\u00e9s, afin que tout fonctionne parfaitement et soit r\u00e9ceptionn\u00e9 de mani\u00e8re professionnelle.  <\/p>\n\n<p>Nous nous ferons \u00e9galement un plaisir de convenir avec vous d&#8217;un <strong>abonnement de service<\/strong>. Ainsi, il est toujours garanti que tous les \u00e9quipements sont r\u00e9guli\u00e8rement contr\u00f4l\u00e9s et entretenus. C&#8217;est un excellent moyen de pr\u00e9venir les pannes.  <\/p>\n\n<p>Si tu cherches un partenaire vraiment fiable et professionnel, ta recherche est termin\u00e9e. Nous ne sommes satisfaits de notre travail que lorsque toi et tes locataires ou propri\u00e9taires l&#8217;\u00eates aussi.  <\/p>\n\n<p class=\"has-ast-global-color-6-background-color has-background\">N&#8217;h\u00e9site pas \u00e0 nous appeler ou \u00e0 nous envoyer un e-mail. C&#8217;est peut-\u00eatre le d\u00e9but d&#8217;un merveilleux partenariat commercial.<\/p>\n\n<p><\/p>\n","protected":false},"excerpt":{"rendered":"<p>En tant qu&#8217;administrateur de biens, tu as d&#8217;innombrables t\u00e2ches \u00e0 accomplir au quotidien. Nous voulons t&#8217;aider. S&#8217;il s&#8217;agit de conseiller un propri\u00e9taire d&#8217;appartement sur l&#8217;achat de nouveaux appareils de cuisine ou si tu as besoin occasionnellement d&#8217;un service de r\u00e9paration fiable, nous sommes \u00e0 tes c\u00f4t\u00e9s. Si tu g\u00e8res un appartement ou une maison dont [&hellip;]<\/p>\n","protected":false},"author":1,"featured_media":0,"parent":8149,"menu_order":0,"comment_status":"closed","ping_status":"closed","template":"","meta":{"_uag_custom_page_level_css":"","site-sidebar-layout":"default","site-content-layout":"","ast-site-content-layout":"default","site-content-style":"default","site-sidebar-style":"default","ast-global-header-display":"","ast-banner-title-visibility":"","ast-main-header-display":"","ast-hfb-above-header-display":"","ast-hfb-below-header-display":"","ast-hfb-mobile-header-display":"","site-post-title":"","ast-breadcrumbs-content":"","ast-featured-img":"","footer-sml-layout":"","ast-disable-related-posts":"","theme-transparent-header-meta":"","adv-header-id-meta":"","stick-header-meta":"","header-above-stick-meta":"","header-main-stick-meta":"","header-below-stick-meta":"","astra-migrate-meta-layouts":"default","ast-page-background-enabled":"default","ast-page-background-meta":{"desktop":{"background-color":"","background-image":"","background-repeat":"repeat","background-position":"center center","background-size":"auto","background-attachment":"scroll","background-type":"","background-media":"","overlay-type":"","overlay-color":"","overlay-opacity":"","overlay-gradient":""},"tablet":{"background-color":"","background-image":"","background-repeat":"repeat","background-position":"center center","background-size":"auto","background-attachment":"scroll","background-type":"","background-media":"","overlay-type":"","overlay-color":"","overlay-opacity":"","overlay-gradient":""},"mobile":{"background-color":"","background-image":"","background-repeat":"repeat","background-position":"center center","background-size":"auto","background-attachment":"scroll","background-type":"","background-media":"","overlay-type":"","overlay-color":"","overlay-opacity":"","overlay-gradient":""}},"ast-content-background-meta":{"desktop":{"background-color":"var(--ast-global-color-5)","background-image":"","background-repeat":"repeat","background-position":"center center","background-size":"auto","background-attachment":"scroll","background-type":"","background-media":"","overlay-type":"","overlay-color":"","overlay-opacity":"","overlay-gradient":""},"tablet":{"background-color":"var(--ast-global-color-5)","background-image":"","background-repeat":"repeat","background-position":"center center","background-size":"auto","background-attachment":"scroll","background-type":"","background-media":"","overlay-type":"","overlay-color":"","overlay-opacity":"","overlay-gradient":""},"mobile":{"background-color":"var(--ast-global-color-5)","background-image":"","background-repeat":"repeat","background-position":"center center","background-size":"auto","background-attachment":"scroll","background-type":"","background-media":"","overlay-type":"","overlay-color":"","overlay-opacity":"","overlay-gradient":""}},"footnotes":""},"class_list":["post-8145","page","type-page","status-publish","hentry"],"uagb_featured_image_src":{"full":false,"thumbnail":false,"medium":false,"medium_large":false,"large":false,"1536x1536":false,"2048x2048":false},"uagb_author_info":{"display_name":"Raphael","author_link":"https:\/\/urbenag.ch\/fr\/author\/rapsli\/"},"uagb_comment_info":0,"uagb_excerpt":"En tant qu&#8217;administrateur de biens, tu as d&#8217;innombrables t\u00e2ches \u00e0 accomplir au quotidien. Nous voulons t&#8217;aider. S&#8217;il s&#8217;agit de conseiller un propri\u00e9taire d&#8217;appartement sur l&#8217;achat de nouveaux appareils de cuisine ou si tu as besoin occasionnellement d&#8217;un service de r\u00e9paration fiable, nous sommes \u00e0 tes c\u00f4t\u00e9s. Si tu g\u00e8res un appartement ou une maison dont\u2026","_links":{"self":[{"href":"https:\/\/urbenag.ch\/fr\/wp-json\/wp\/v2\/pages\/8145","targetHints":{"allow":["GET"]}}],"collection":[{"href":"https:\/\/urbenag.ch\/fr\/wp-json\/wp\/v2\/pages"}],"about":[{"href":"https:\/\/urbenag.ch\/fr\/wp-json\/wp\/v2\/types\/page"}],"author":[{"embeddable":true,"href":"https:\/\/urbenag.ch\/fr\/wp-json\/wp\/v2\/users\/1"}],"replies":[{"embeddable":true,"href":"https:\/\/urbenag.ch\/fr\/wp-json\/wp\/v2\/comments?post=8145"}],"version-history":[{"count":0,"href":"https:\/\/urbenag.ch\/fr\/wp-json\/wp\/v2\/pages\/8145\/revisions"}],"up":[{"embeddable":true,"href":"https:\/\/urbenag.ch\/fr\/wp-json\/wp\/v2\/pages\/8149"}],"wp:attachment":[{"href":"https:\/\/urbenag.ch\/fr\/wp-json\/wp\/v2\/media?parent=8145"}],"curies":[{"name":"wp","href":"https:\/\/api.w.org\/{rel}","templated":true}]}}