{"id":8139,"date":"2019-06-03T10:25:51","date_gmt":"2019-06-03T08:25:51","guid":{"rendered":"https:\/\/urbenag.ch\/produits-et-services\/lave-vaisselle\/"},"modified":"2023-08-17T20:03:29","modified_gmt":"2023-08-17T18:03:29","slug":"lave-vaisselle","status":"publish","type":"page","link":"https:\/\/urbenag.ch\/fr\/produits-et-services\/lave-vaisselle\/","title":{"rendered":"Lave-vaisselle"},"content":{"rendered":"\n<section class=\"wp-block-uagb-section uagb-section__wrap uagb-section__background-image alignfull uagb-block-52b27575\"><div class=\"uagb-section__overlay\"><\/div><div class=\"uagb-section__inner-wrap\">\n<div class=\"wp-block-uagb-advanced-heading uagb-block-4f741791\"><h1 class=\"uagb-heading-text\">Lave-vaisselle<\/h1><p class=\"uagb-desc-text\">Ou est-ce que tu laves encore \u00e0 la main ?<\/p><\/div>\n<\/div><\/section>\n\n<section class=\"wp-block-uagb-section uagb-section__wrap uagb-section__background-undefined uagb-block-084f65d3\"><div class=\"uagb-section__overlay\"><\/div><div class=\"uagb-section__inner-wrap\">\n<div class=\"wp-block-uagb-buttons uagb-buttons__outer-wrap uagb-block-ff2c5dd5\"><div class=\"uagb-buttons__wrap uagb-buttons-layout-wrap\">\n<div class=\"wp-block-uagb-buttons-child uagb-buttons__outer-wrap uagb-block-4711a74e\"><div class=\"uagb-button__wrapper\"><a class=\"uagb-buttons-repeater\" href=\"#wa-rep\" rel=\"noopener noreferrer\" target=\"_self\"><div class=\"uagb-button__link\">R\u00e9parer un lave-vaisselle<\/div><\/a><\/div><\/div>\n\n\n\n<div class=\"wp-block-uagb-buttons-child uagb-buttons__outer-wrap uagb-block-4bb837ba\"><div class=\"uagb-button__wrapper\"><a class=\"uagb-buttons-repeater\" href=\"#wa-kaufen\" rel=\"noopener noreferrer\" target=\"_self\"><div class=\"uagb-button__link\">Acheter un lave-vaisselle<\/div><\/a><\/div><\/div>\n<\/div><\/div>\n\n\n\n<p><\/p>\n<\/div><\/section>\n\n<section class=\"wp-block-uagb-section uagb-section__wrap uagb-section__background-undefined uagb-block-d5813a84\"><div class=\"uagb-section__overlay\"><\/div><div class=\"uagb-section__inner-wrap\">\n<div class=\"wp-block-image\"><figure class=\"aligncenter\"><img loading=\"lazy\" decoding=\"async\" width=\"170\" height=\"170\" src=\"https:\/\/urbenag.ch\/wp-content\/uploads\/2019\/01\/gs-miele-klein.jpg\" alt=\"R&#xE9;parer un lave-vaisselle\" class=\"wp-image-597\" srcset=\"https:\/\/urbenag.ch\/wp-content\/uploads\/2019\/01\/gs-miele-klein.jpg 170w, https:\/\/urbenag.ch\/wp-content\/uploads\/2019\/01\/gs-miele-klein-150x150.jpg 150w, https:\/\/urbenag.ch\/wp-content\/uploads\/2019\/01\/gs-miele-klein-125x125.jpg 125w\" sizes=\"auto, (max-width: 170px) 100vw, 170px\" \/><figcaption>R\u00e9paration lave-vaisselle<\/figcaption><\/figure><\/div>\n\n\n\n<div class=\"wp-block-uagb-advanced-heading uagb-block-dbfd3efd\"><h2 class=\"uagb-heading-text\" id=\"wa-rep\">R\u00e9parer un lave-vaisselle<\/h2><p class=\"uagb-desc-text\"><\/p><\/div>\n\n\n\n<h4 class=\"wp-block-heading\">Entraide<\/h4>\n\n\n\n<p>Il n&#8217;est pas toujours n\u00e9cessaire de disposer de connaissances techniques et d&#8217;outils sp\u00e9ciaux pour remettre le lave-vaisselle en parfait \u00e9tat de fonctionnement. R\u00e9parer un lave-vaisselle pour des pannes simples, tu peux aussi le faire toi-m\u00eame.<\/p>\n\n\n\n<p><strong>La pompe \u00e0 eaux us\u00e9es est bloqu\u00e9e<\/strong><br\/>Retirer le filtre fin et le contr\u00f4ler. \u00e9liminer les particules m\u00e9caniques (grains, tessons, etc.)  <\/p>\n\n\n\n<p><strong>Le lave-vaisselle ne lave plus proprement<\/strong><br\/>Souvent, la composition de l&#8217;agent de rin\u00e7age ne correspond pas. Un changement de produit vaisselle peut d\u00e9j\u00e0 faire des miracles (id\u00e9alement en poudre).<\/p>\n\n\n\n<h4 class=\"wp-block-heading\">Probl\u00e8mes\/dysfonctionnements courants<\/h4>\n\n\n\n<p>D&#8217;autres pannes ne peuvent \u00eatre r\u00e9solues qu&#8217;avec une grande habilet\u00e9 manuelle et les connaissances techniques correspondantes. Il s&#8217;agit notamment des probl\u00e8mes courants suivants :<\/p>\n\n\n\n<ul class=\"wp-block-list\"><li>Rupture de c\u00e2ble -&gt; provoque un faux contact et fait que les boutons ne r\u00e9agissent pas imm\u00e9diatement.<\/li><li>Pompe \u00e0 eaux us\u00e9es d\u00e9fectueuse qui doit \u00eatre remplac\u00e9e<\/li><li>Modules de commande d\u00e9fectueux qui doivent \u00eatre remplac\u00e9s<\/li><li>Fuite due \u00e0 des joints cass\u00e9s<\/li><\/ul>\n\n\n\n<p class=\"has-text-align-center has-text-color has-background has-medium-font-size\" style=\"background-color:#ee4224;color:#ffffff\">J&#8217;ai besoin d&#8217;un sp\u00e9cialiste.  <br\/>Contacte-nous par t\u00e9l\u00e9phone <a href=\"tel:077 277 71 43\" class=\"tel\">au 077 277 71 43<\/a> ou par e-mail <a href=\"mailto:service@urbenag.ch\">\u00e0 l&#8217;adresse service@urbenag.ch.<\/a><\/p>\n<\/div><\/section>\n\n<section class=\"wp-block-uagb-section uagb-section__wrap uagb-section__background-undefined uagb-block-42df8c3b\"><div class=\"uagb-section__overlay\"><\/div><div class=\"uagb-section__inner-wrap\">\n<div class=\"wp-block-image\"><figure class=\"aligncenter\"><img loading=\"lazy\" decoding=\"async\" width=\"170\" height=\"170\" src=\"https:\/\/urbenag.ch\/wp-content\/uploads\/2019\/01\/gs-miele-klein.jpg\" alt=\"\" class=\"wp-image-597\" srcset=\"https:\/\/urbenag.ch\/wp-content\/uploads\/2019\/01\/gs-miele-klein.jpg 170w, https:\/\/urbenag.ch\/wp-content\/uploads\/2019\/01\/gs-miele-klein-150x150.jpg 150w, https:\/\/urbenag.ch\/wp-content\/uploads\/2019\/01\/gs-miele-klein-125x125.jpg 125w\" sizes=\"auto, (max-width: 170px) 100vw, 170px\" \/><figcaption>R\u00e9paration lave-vaisselle<\/figcaption><\/figure><\/div>\n\n\n\n<div class=\"wp-block-uagb-advanced-heading uagb-block-609dfcee\"><h2 class=\"uagb-heading-text\" id=\"wa-kaufen\">Acheter un lave-vaisselle<\/h2><p class=\"uagb-desc-text\"><\/p><\/div>\n\n\n\n<h4 class=\"wp-block-heading\">Conseils d&#8217;achat<\/h4>\n\n\n\n<p>Les questions suivantes devraient faciliter la d\u00e9cision d&#8217;achat :<\/p>\n\n\n\n<p><strong>Budget<\/strong><br\/>Les lave-vaisselle sont disponibles \u00e0 partir de 1000 francs jusqu&#8217;\u00e0 quelques milliers de francs. Qu&#8217;est-ce que le budget ?<\/p>\n\n\n\n<p><strong>Enti\u00e8rement int\u00e9gr\u00e9, semi-int\u00e9gr\u00e9, autoportant  <\/strong><br\/>Les machines enti\u00e8rement int\u00e9gr\u00e9es s&#8217;int\u00e8grent parfaitement dans le paysage culinaire existant. La commande se fait \u00e0 l&#8217;int\u00e9rieur de la machine. Les machines semi-int\u00e9gr\u00e9es ont un panneau de cuisine normal, mais les boutons de commande sont visibles \u00e0 l&#8217;avant de la machine. Les machines autonomes sont mobiles, mais leur aspect n&#8217;est pas aussi attrayant.<\/p>\n\n\n\n<p><strong>Norme suisse ou norme europ\u00e9enne<\/strong><br\/>Quelle est la largeur de mon lave-vaisselle actuel ? Norme suisse (largeur 55 cm) ou norme europ\u00e9enne (largeur 60 cm).<\/p>\n\n\n\n<p><strong>Fonctions sp\u00e9ciales<\/strong><br\/>Si l&#8217;on souhaite des fonctions sp\u00e9ciales, une commande via une application, une unit\u00e9 d&#8217;autodosage, etc. Les fabricants proposent toutes sortes d&#8217;objets utiles.  <\/p>\n\n\n\n<h4 class=\"wp-block-heading\">Marques courantes<\/h4>\n\n\n\n<p>Nous vendons les marques suivantes :<\/p>\n\n\n\n<div class=\"wp-block-columns has-2-columns is-layout-flex wp-container-core-columns-is-layout-28f84493 wp-block-columns-is-layout-flex\">\n<div class=\"wp-block-column is-layout-flow wp-block-column-is-layout-flow\">\n<ul class=\"wp-block-list\"><li>V-Zug<\/li><li>Miele<\/li><li>Electorlux<\/li><\/ul>\n<\/div>\n\n\n\n<div class=\"wp-block-column is-layout-flow wp-block-column-is-layout-flow\">\n<ul class=\"wp-block-list\"><li>Bosch<\/li><li>Siemens<\/li><li>AEG<\/li><\/ul>\n<\/div>\n<\/div>\n\n\n\n<p class=\"has-text-color has-background has-medium-font-size\" style=\"background-color:#ee4224;color:#ffffff\">Ich m\u00f6chte Beratung durch eine Fachperson. Kontaktiere uns via Telefon <a class=\"rank-math-link tel\" href=\"tel:0629616220\">062 961 62 20<\/a> oder E-mail <a href=\"mailto:service@urbenag.ch\"><\/a><a href=\"mailto:info@urbenag.ch\" class=\"rank-math-link\">info@urbenag.ch<\/a> oder kommst bei uns vorbei.<\/p>\n\n\n\n<p>Ou nos <a href=\"https:\/\/urbenag.ch\/fr\/contact\/\" data-type=\"page\" data-id=\"20\">coordonn\u00e9es<\/a> compl\u00e8tes.<\/p>\n\n\n\n<figure class=\"wp-block-embed aligncenter is-type-video is-provider-youtube wp-block-embed-youtube wp-embed-aspect-16-9 wp-has-aspect-ratio\"><div class=\"wp-block-embed__wrapper\">\n<iframe loading=\"lazy\" title=\"Ein paar pro Tipps f\u00fcr die richtige Verwendung vom Geschirrsp\u00fcler. Oder sp\u00fclst du gerne von Hand?\" width=\"500\" height=\"281\" src=\"https:\/\/www.youtube.com\/embed\/RCgGWu6joCQ?feature=oembed\" frameborder=\"0\" allow=\"accelerometer; autoplay; clipboard-write; encrypted-media; gyroscope; picture-in-picture; web-share\" referrerpolicy=\"strict-origin-when-cross-origin\" allowfullscreen><\/iframe>\n<\/div><\/figure>\n<\/div><\/section>\n","protected":false},"excerpt":{"rendered":"","protected":false},"author":1,"featured_media":0,"parent":8126,"menu_order":0,"comment_status":"closed","ping_status":"closed","template":"","meta":{"_uag_custom_page_level_css":"","site-sidebar-layout":"no-sidebar","site-content-layout":"page-builder","ast-site-content-layout":"default","site-content-style":"default","site-sidebar-style":"default","ast-global-header-display":"","ast-banner-title-visibility":"","ast-main-header-display":"","ast-hfb-above-header-display":"","ast-hfb-below-header-display":"","ast-hfb-mobile-header-display":"","site-post-title":"disabled","ast-breadcrumbs-content":"","ast-featured-img":"disabled","footer-sml-layout":"","ast-disable-related-posts":"","theme-transparent-header-meta":"default","adv-header-id-meta":"","stick-header-meta":"","header-above-stick-meta":"","header-main-stick-meta":"","header-below-stick-meta":"","astra-migrate-meta-layouts":"default","ast-page-background-enabled":"default","ast-page-background-meta":{"desktop":{"background-color":"","background-image":"","background-repeat":"repeat","background-position":"center center","background-size":"auto","background-attachment":"scroll","background-type":"","background-media":"","overlay-type":"","overlay-color":"","overlay-opacity":"","overlay-gradient":""},"tablet":{"background-color":"","background-image":"","background-repeat":"repeat","background-position":"center center","background-size":"auto","background-attachment":"scroll","background-type":"","background-media":"","overlay-type":"","overlay-color":"","overlay-opacity":"","overlay-gradient":""},"mobile":{"background-color":"","background-image":"","background-repeat":"repeat","background-position":"center center","background-size":"auto","background-attachment":"scroll","background-type":"","background-media":"","overlay-type":"","overlay-color":"","overlay-opacity":"","overlay-gradient":""}},"ast-content-background-meta":{"desktop":{"background-color":"var(--ast-global-color-5)","background-image":"","background-repeat":"repeat","background-position":"center center","background-size":"auto","background-attachment":"scroll","background-type":"","background-media":"","overlay-type":"","overlay-color":"","overlay-opacity":"","overlay-gradient":""},"tablet":{"background-color":"var(--ast-global-color-5)","background-image":"","background-repeat":"repeat","background-position":"center center","background-size":"auto","background-attachment":"scroll","background-type":"","background-media":"","overlay-type":"","overlay-color":"","overlay-opacity":"","overlay-gradient":""},"mobile":{"background-color":"var(--ast-global-color-5)","background-image":"","background-repeat":"repeat","background-position":"center center","background-size":"auto","background-attachment":"scroll","background-type":"","background-media":"","overlay-type":"","overlay-color":"","overlay-opacity":"","overlay-gradient":""}},"footnotes":""},"class_list":["post-8139","page","type-page","status-publish","hentry"],"uagb_featured_image_src":{"full":false,"thumbnail":false,"medium":false,"medium_large":false,"large":false,"1536x1536":false,"2048x2048":false},"uagb_author_info":{"display_name":"Raphael","author_link":"https:\/\/urbenag.ch\/fr\/author\/rapsli\/"},"uagb_comment_info":0,"uagb_excerpt":null,"_links":{"self":[{"href":"https:\/\/urbenag.ch\/fr\/wp-json\/wp\/v2\/pages\/8139","targetHints":{"allow":["GET"]}}],"collection":[{"href":"https:\/\/urbenag.ch\/fr\/wp-json\/wp\/v2\/pages"}],"about":[{"href":"https:\/\/urbenag.ch\/fr\/wp-json\/wp\/v2\/types\/page"}],"author":[{"embeddable":true,"href":"https:\/\/urbenag.ch\/fr\/wp-json\/wp\/v2\/users\/1"}],"replies":[{"embeddable":true,"href":"https:\/\/urbenag.ch\/fr\/wp-json\/wp\/v2\/comments?post=8139"}],"version-history":[{"count":0,"href":"https:\/\/urbenag.ch\/fr\/wp-json\/wp\/v2\/pages\/8139\/revisions"}],"up":[{"embeddable":true,"href":"https:\/\/urbenag.ch\/fr\/wp-json\/wp\/v2\/pages\/8126"}],"wp:attachment":[{"href":"https:\/\/urbenag.ch\/fr\/wp-json\/wp\/v2\/media?parent=8139"}],"curies":[{"name":"wp","href":"https:\/\/api.w.org\/{rel}","templated":true}]}}