{"id":8137,"date":"2019-05-28T13:11:19","date_gmt":"2019-05-28T11:11:19","guid":{"rendered":"https:\/\/urbenag.ch\/produits-et-services\/machine-a-laver-et-seche-linge\/"},"modified":"2023-08-17T20:03:29","modified_gmt":"2023-08-17T18:03:29","slug":"machine-a-laver-et-seche-linge","status":"publish","type":"page","link":"https:\/\/urbenag.ch\/fr\/produits-et-services\/machine-a-laver-et-seche-linge\/","title":{"rendered":"Machine \u00e0 laver et s\u00e8che-linge"},"content":{"rendered":"\n<section class=\"wp-block-uagb-section uagb-section__wrap uagb-section__background-image alignfull uagb-block-074d1e1b\"><div class=\"uagb-section__overlay\"><\/div><div class=\"uagb-section__inner-wrap\">\n<div class=\"wp-block-uagb-advanced-heading uagb-block-4d007875\" id=\"uagb-adv-heading-b566406c-ad14-4ff6-ada8-59f326c317c4\"><h1 class=\"uagb-heading-text\">Machine \u00e0 laver et s\u00e8che-linge<\/h1><p class=\"uagb-desc-text\">Ou tu laves encore \u00e0 la main ?<\/p><\/div>\n<\/div><\/section>\n\n<section class=\"wp-block-uagb-section uagb-section__wrap uagb-section__background-undefined uagb-block-6b62d58d\"><div class=\"uagb-section__overlay\"><\/div><div class=\"uagb-section__inner-wrap\">\n<div class=\"wp-block-uagb-buttons uagb-buttons__outer-wrap uagb-block-394a2a0d\"><div class=\"uagb-buttons__wrap uagb-buttons-layout-wrap\">\n<div class=\"wp-block-uagb-buttons-child uagb-buttons__outer-wrap uagb-block-b3436af0\"><div class=\"uagb-button__wrapper\"><a class=\"uagb-buttons-repeater\" href=\"#wa-rep\" rel=\"noopener noreferrer\" target=\"_self\"><div class=\"uagb-button__link\">R\u00e9parer la machine \u00e0 laver<\/div><\/a><\/div><\/div>\n\n\n\n<div class=\"wp-block-uagb-buttons-child uagb-buttons__outer-wrap uagb-block-554101c0\"><div class=\"uagb-button__wrapper\"><a class=\"uagb-buttons-repeater\" href=\"#wa-kaufen\" rel=\"noopener noreferrer\" target=\"_self\"><div class=\"uagb-button__link\">Acheter une machine \u00e0 laver<\/div><\/a><\/div><\/div>\n\n\n\n<div class=\"wp-block-uagb-buttons-child uagb-buttons__outer-wrap uagb-block-c850e139\"><div class=\"uagb-button__wrapper\"><a class=\"uagb-buttons-repeater\" href=\"#tr-rep\" rel=\"noopener noreferrer\" target=\"_self\"><div class=\"uagb-button__link\">R\u00e9parer un s\u00e8che-linge<\/div><\/a><\/div><\/div>\n\n\n\n<div class=\"wp-block-uagb-buttons-child uagb-buttons__outer-wrap uagb-block-5096aac1\"><div class=\"uagb-button__wrapper\"><a class=\"uagb-buttons-repeater\" href=\"#tr-kaufen\" rel=\"noopener noreferrer\" target=\"_self\"><div class=\"uagb-button__link\">Acheter un s\u00e8che-linge<\/div><\/a><\/div><\/div>\n<\/div><\/div>\n\n\n\n<p><\/p>\n<\/div><\/section>\n\n<section class=\"wp-block-uagb-section uagb-section__wrap uagb-section__background-undefined uagb-block-6b005c30\"><div class=\"uagb-section__overlay\"><\/div><div class=\"uagb-section__inner-wrap\">\n<div class=\"wp-block-image\"><figure class=\"aligncenter\"><img loading=\"lazy\" decoding=\"async\" width=\"500\" height=\"500\" src=\"https:\/\/urbenag.ch\/wp-content\/uploads\/2025\/09\/stellarie-schulthess-waschmaschine.jpg\" alt=\"\" class=\"wp-image-617\" srcset=\"https:\/\/urbenag.ch\/wp-content\/uploads\/2025\/09\/stellarie-schulthess-waschmaschine.jpg 500w, https:\/\/urbenag.ch\/wp-content\/uploads\/2025\/09\/stellarie-schulthess-waschmaschine-300x300.jpg 300w, https:\/\/urbenag.ch\/wp-content\/uploads\/2025\/09\/stellarie-schulthess-waschmaschine-150x150.jpg 150w\" sizes=\"auto, (max-width: 500px) 100vw, 500px\" \/><\/figure><\/div>\n\n\n\n<div class=\"wp-block-uagb-advanced-heading uagb-block-badcc096\" id=\"uagb-adv-heading-633c0696-4464-4f0a-a62e-aaf7db6df8d3\"><h2 class=\"uagb-heading-text\" id=\"wa-rep\">R\u00e9parer la machine \u00e0 laver<\/h2><p class=\"uagb-desc-text\"><\/p><\/div>\n\n\n\n<h4 class=\"wp-block-heading\">Entraide<\/h4>\n\n\n\n<p>Il n&#8217;est pas toujours n\u00e9cessaire de disposer de connaissances techniques et d&#8217;outils sp\u00e9ciaux pour faire fonctionner \u00e0 nouveau la machine \u00e0 laver. Les probl\u00e8mes suivants peuvent \u00eatre facilement r\u00e9solus par soi-m\u00eame :<\/p>\n\n\n\n<p><strong>La porte est verrouill\u00e9e et ne s&#8217;ouvre plus.  <\/strong><br\/>La sortie d&#8217;eau (cette petite trappe) cache g\u00e9n\u00e9ralement un verrou qui permet d&#8217;ouvrir la porte manuellement. Attention s&#8217;il reste de l&#8217;eau dans le tambour !  <\/p>\n\n\n\n<p><strong>Le message d&#8217;erreur Entr\u00e9e ou Sortie s&#8217;allume<\/strong><br\/>Le filtre fin \u00e0 l&#8217;entr\u00e9e de l&#8217;eau est obstru\u00e9 par des salet\u00e9s\/de la rouille et doit \u00eatre nettoy\u00e9, ou le pi\u00e8ge \u00e0 corps \u00e9trangers a un niveau qui bloque la pompe de vidange. Il se peut aussi que la machine \u00e0 laver fonctionne parfaitement, mais que l&#8217;\u00e9coulement soit bouch\u00e9.<\/p>\n\n\n\n<h4 class=\"wp-block-heading\">Probl\u00e8mes\/dysfonctionnements courants<\/h4>\n\n\n\n<p>D&#8217;autres pannes ne peuvent \u00eatre r\u00e9solues qu&#8217;avec une grande habilet\u00e9 manuelle et les connaissances techniques correspondantes. Il s&#8217;agit notamment des probl\u00e8mes courants suivants :<\/p>\n\n\n\n<ul class=\"wp-block-list\"><li>Le soufflet de porte (cet anneau en caoutchouc dans la porte) n&#8217;est plus \u00e9tanche et doit \u00eatre remplac\u00e9.<\/li><li>Rupture de c\u00e2ble -&gt; provoque un faux contact et fait que les boutons ne r\u00e9agissent pas imm\u00e9diatement.<\/li><li>Pompe \u00e0 eau d\u00e9fectueuse qui doit \u00eatre remplac\u00e9e<\/li><li>El\u00e9ment chauffant d\u00e9fectueux qui doit \u00eatre remplac\u00e9<\/li><\/ul>\n\n\n\n<p class=\"has-text-align-center has-text-color has-background has-medium-font-size\" style=\"background-color:#ee4224;color:#ffffff\">J&#8217;ai besoin d&#8217;un sp\u00e9cialiste.  <br\/>Contacte-nous par t\u00e9l\u00e9phone <a href=\"tel:077 277 71 43\" class=\"tel\">au 077 277 71 43<\/a> ou par e-mail <a href=\"mailto:service@urbenag.ch\">\u00e0 l&#8217;adresse service@urbenag.ch.<\/a><\/p>\n<\/div><\/section>\n\n<section class=\"wp-block-uagb-section uagb-section__wrap uagb-section__background-undefined uagb-block-72037fcb\"><div class=\"uagb-section__overlay\"><\/div><div class=\"uagb-section__inner-wrap\">\n<div class=\"wp-block-image\"><figure class=\"aligncenter size-large\"><img loading=\"lazy\" decoding=\"async\" width=\"500\" height=\"500\" src=\"https:\/\/urbenag.ch\/wp-content\/uploads\/2025\/09\/stellarie-schulthess-waschmaschine.jpg\" alt=\"\" class=\"wp-image-617\" srcset=\"https:\/\/urbenag.ch\/wp-content\/uploads\/2025\/09\/stellarie-schulthess-waschmaschine.jpg 500w, https:\/\/urbenag.ch\/wp-content\/uploads\/2025\/09\/stellarie-schulthess-waschmaschine-300x300.jpg 300w, https:\/\/urbenag.ch\/wp-content\/uploads\/2025\/09\/stellarie-schulthess-waschmaschine-150x150.jpg 150w\" sizes=\"auto, (max-width: 500px) 100vw, 500px\" \/><\/figure><\/div>\n\n\n\n<div class=\"wp-block-uagb-advanced-heading uagb-block-ac371d87\" id=\"uagb-adv-heading-b376d63e-58b1-402f-b99e-fec3dfc8d633\"><h2 class=\"uagb-heading-text\" id=\"wa-kaufen\">Acheter une machine \u00e0 laver<\/h2><p class=\"uagb-desc-text\"><\/p><\/div>\n\n\n\n<h4 class=\"wp-block-heading\">Conseils d&#8217;achat<\/h4>\n\n\n\n<p>Les questions suivantes devraient faciliter la d\u00e9cision d&#8217;achat :<\/p>\n\n\n\n<p><strong>Dur\u00e9e de vie attendue de la machine<\/strong><br\/>Une machine plus ch\u00e8re ne signifie pas n\u00e9cessairement qu&#8217;elle lavera pendant des d\u00e9cennies sans probl\u00e8me, mais en r\u00e8gle g\u00e9n\u00e9rale, elles sont plus faciles \u00e0 r\u00e9parer et durent donc plus longtemps. Une machine de haute qualit\u00e9 devrait d\u00e9j\u00e0 laver pendant 15 ans.<\/p>\n\n\n\n<p><strong>Budget<\/strong><br\/>Les machines \u00e0 laver sont disponibles \u00e0 partir de 500 francs jusqu&#8217;\u00e0 quelques milliers de francs. Qu&#8217;est-ce que le budget ?<\/p>\n\n\n\n<p><strong>Taille<\/strong><br\/>Une famille nombreuse avec de jeunes enfants aura plus de linge qu&#8217;un petit m\u00e9nage de 2 personnes. Les lave-linge normaux peuvent contenir jusqu&#8217;\u00e0 8 kg de linge.  <\/p>\n\n\n\n<p><strong>Fonctions<\/strong><br\/>Souhaitez-vous des fonctions sp\u00e9ciales, des programmes de lavage, une commande via une application, etc. Les fabricants proposent toutes sortes de produits utiles.  <\/p>\n\n\n\n<h4 class=\"wp-block-heading\">Marques courantes<\/h4>\n\n\n\n<p>Nous vendons les marques suivantes :<\/p>\n\n\n\n<div class=\"wp-block-columns has-2-columns is-layout-flex wp-container-core-columns-is-layout-28f84493 wp-block-columns-is-layout-flex\">\n<div class=\"wp-block-column is-layout-flow wp-block-column-is-layout-flow\">\n<ul class=\"wp-block-list\"><li>V-Zug<\/li><li>Schulthess<\/li><li>Electorlux<\/li><\/ul>\n<\/div>\n\n\n\n<div class=\"wp-block-column is-layout-flow wp-block-column-is-layout-flow\">\n<ul class=\"wp-block-list\"><li>Miele<\/li><li>Siemens<\/li><li>AEG<\/li><\/ul>\n\n\n\n<p><\/p>\n<\/div>\n<\/div>\n\n\n\n<p class=\"has-text-color has-background has-medium-font-size\" style=\"background-color:#ee4224;color:#ffffff\">Ich m\u00f6chte Beratung durch eine Fachperson. Kontaktiere uns via Telefon <a class=\"rank-math-link tel\" href=\"tel:0629616220\">062 961 62 20<\/a> oder E-mail <a href=\"mailto:service@urbenag.ch\"><\/a><a href=\"mailto:info@urbenag.ch\" class=\"rank-math-link\">info@urbenag.ch<\/a> oder kommst bei uns vorbei.<\/p>\n<\/div><\/section>\n\n<section class=\"wp-block-uagb-section uagb-section__wrap uagb-section__background-undefined uagb-block-ebcb8bd4\"><div class=\"uagb-section__overlay\"><\/div><div class=\"uagb-section__inner-wrap\">\n<div class=\"wp-block-image\"><figure class=\"aligncenter\"><img loading=\"lazy\" decoding=\"async\" width=\"170\" height=\"170\" src=\"https:\/\/urbenag.ch\/wp-content\/uploads\/2019\/01\/tumbler-schulthess-klein.jpg\" alt=\"\" class=\"wp-image-618\" srcset=\"https:\/\/urbenag.ch\/wp-content\/uploads\/2019\/01\/tumbler-schulthess-klein.jpg 170w, https:\/\/urbenag.ch\/wp-content\/uploads\/2019\/01\/tumbler-schulthess-klein-150x150.jpg 150w, https:\/\/urbenag.ch\/wp-content\/uploads\/2019\/01\/tumbler-schulthess-klein-125x125.jpg 125w\" sizes=\"auto, (max-width: 170px) 100vw, 170px\" \/><\/figure><\/div>\n\n\n\n<div class=\"wp-block-uagb-advanced-heading uagb-block-bf1b8c10\" id=\"uagb-adv-heading-35b6fe06-1dbe-4f4a-98ce-1cff80aa42df\"><h2 class=\"uagb-heading-text\" id=\"tr-rep\">R\u00e9parer un s\u00e8che-linge<\/h2><p class=\"uagb-desc-text\"><\/p><\/div>\n\n\n\n<h4 class=\"wp-block-heading\">Entraide<\/h4>\n\n\n\n<p>Il n&#8217;est pas toujours n\u00e9cessaire de disposer de connaissances techniques et d&#8217;outils sp\u00e9ciaux pour remettre le s\u00e8che-linge en \u00e9tat de marche. Les probl\u00e8mes suivants peuvent \u00eatre facilement r\u00e9solus par soi-m\u00eame :<\/p>\n\n\n\n<p><strong>Le linge ne s\u00e8che plus<\/strong><br\/>Proc\u00e9der \u00e0 un nettoyage approfondi des filtres. Ceux-ci peuvent g\u00e9n\u00e9ralement \u00eatre retir\u00e9s en un tour de main.  <\/p>\n\n\n\n<p><strong>Le tiroir \u00e0 eau indique qu&#8217;il est plein<\/strong><br\/>Le tiroir \u00e0 eau doit \u00eatre vid\u00e9. Si elle est directement raccord\u00e9e \u00e0 l&#8217;\u00e9vacuation, il se peut que le tuyau d&#8217;\u00e9vacuation soit bouch\u00e9. Le plus simple est de souffler fortement dedans.<\/p>\n\n\n\n<h4 class=\"wp-block-heading\">Probl\u00e8mes\/dysfonctionnements courants<\/h4>\n\n\n\n<p>D&#8217;autres pannes ne peuvent \u00eatre r\u00e9solues qu&#8217;avec une grande habilet\u00e9 manuelle et les connaissances techniques correspondantes. Il s&#8217;agit notamment des probl\u00e8mes courants suivants :<\/p>\n\n\n\n<ul class=\"wp-block-list\"><li>Nettoyage du condenseur.<\/li><li>Rupture de c\u00e2ble -&gt; provoque un faux contact et fait que les boutons ne r\u00e9agissent pas imm\u00e9diatement.<\/li><li>Pompe \u00e0 eau d\u00e9fectueuse qui doit \u00eatre remplac\u00e9e<\/li><\/ul>\n\n\n\n<h4 class=\"wp-block-heading\">Marques courantes<\/h4>\n\n\n\n<p>Nous vendons les marques suivantes :<\/p>\n\n\n\n<div class=\"wp-block-columns has-2-columns is-layout-flex wp-container-core-columns-is-layout-28f84493 wp-block-columns-is-layout-flex\">\n<div class=\"wp-block-column is-layout-flow wp-block-column-is-layout-flow\">\n<ul class=\"wp-block-list\"><li>V-Zug<\/li><li>Schulthess<\/li><li>Electorlux<\/li><\/ul>\n<\/div>\n\n\n\n<div class=\"wp-block-column is-layout-flow wp-block-column-is-layout-flow\">\n<ul class=\"wp-block-list\"><li>Miele<\/li><li>Siemens<\/li><li>AEG<\/li><\/ul>\n<\/div>\n<\/div>\n\n\n\n<p class=\"has-text-align-center has-text-color has-background has-medium-font-size\" style=\"background-color:#ee4224;color:#ffffff\">J&#8217;ai besoin d&#8217;un sp\u00e9cialiste.  <br\/>Contacte-nous par t\u00e9l\u00e9phone <a href=\"tel:077 277 71 43\" class=\"tel\">au 077 277 71 43<\/a> ou par e-mail <a href=\"mailto:service@urbenag.ch\">\u00e0 l&#8217;adresse service@urbenag.ch.<\/a><\/p>\n<\/div><\/section>\n\n<section class=\"wp-block-uagb-section uagb-section__wrap uagb-section__background-undefined uagb-block-4dee1e6d\"><div class=\"uagb-section__overlay\"><\/div><div class=\"uagb-section__inner-wrap\">\n<div class=\"wp-block-image\"><figure class=\"aligncenter\"><img loading=\"lazy\" decoding=\"async\" width=\"170\" height=\"170\" src=\"https:\/\/urbenag.ch\/wp-content\/uploads\/2019\/01\/tumbler-schulthess-klein.jpg\" alt=\"\" class=\"wp-image-618\" srcset=\"https:\/\/urbenag.ch\/wp-content\/uploads\/2019\/01\/tumbler-schulthess-klein.jpg 170w, https:\/\/urbenag.ch\/wp-content\/uploads\/2019\/01\/tumbler-schulthess-klein-150x150.jpg 150w, https:\/\/urbenag.ch\/wp-content\/uploads\/2019\/01\/tumbler-schulthess-klein-125x125.jpg 125w\" sizes=\"auto, (max-width: 170px) 100vw, 170px\" \/><\/figure><\/div>\n\n\n\n<div class=\"wp-block-uagb-advanced-heading uagb-block-a29af8b2\" id=\"uagb-adv-heading-0b5579cf-85e2-452f-b5b9-ed13953cb4b0\"><h2 class=\"uagb-heading-text\" id=\"tr-kaufen\">Acheter un s\u00e8che-linge<\/h2><p class=\"uagb-desc-text\"><\/p><\/div>\n\n\n\n<h4 class=\"wp-block-heading\">Conseils d&#8217;achat<\/h4>\n\n\n\n<p>Les questions suivantes devraient faciliter la d\u00e9cision d&#8217;achat :<\/p>\n\n\n\n<p><strong>Dur\u00e9e de vie attendue de la machine<\/strong><br\/>Une machine plus ch\u00e8re ne signifie pas n\u00e9cessairement qu&#8217;elle lavera pendant des d\u00e9cennies sans probl\u00e8me, mais en r\u00e8gle g\u00e9n\u00e9rale, elles sont plus faciles \u00e0 r\u00e9parer et durent donc plus longtemps. Une machine de haute qualit\u00e9 devrait s\u00e9cher pendant 10 ans.<\/p>\n\n\n\n<p><strong>Budget<\/strong><br\/>Les s\u00e8che-linge sont disponibles \u00e0 partir de 500 francs jusqu&#8217;\u00e0 quelques milliers de francs. Qu&#8217;est-ce que le budget ?  <\/p>\n\n\n\n<p><strong>Taille<\/strong><br\/>Il convient de noter en particulier que les lave-linge actuels ont g\u00e9n\u00e9ralement une capacit\u00e9 de 8 kg, mais que les m\u00eames tailles dans le domaine des s\u00e8che-linge ont une capacit\u00e9 inf\u00e9rieure. Il faut donc veiller \u00e0 ce que l&#8217;appareil soit adapt\u00e9 au lave-linge.<\/p>\n\n\n\n<p><strong>Fonctions<\/strong><br\/>Souhaitez-vous des fonctions sp\u00e9ciales, des programmes de s\u00e9chage, une commande via une application, etc. Les fabricants proposent toutes sortes de produits utiles.  <\/p>\n\n\n\n<p class=\"has-text-color has-background has-medium-font-size\" style=\"background-color:#ee4224;color:#ffffff\">Ich m\u00f6chte Beratung durch eine Fachperson. Kontaktiere uns via Telefon <a class=\"rank-math-link tel\" href=\"tel:0629616220\">062 961 62 20<\/a> oder E-mail <a href=\"mailto:service@urbenag.ch\"><\/a><a href=\"mailto:info@urbenag.ch\" class=\"rank-math-link\">info@urbenag.ch<\/a> oder kommst bei uns vorbei.<\/p>\n<\/div><\/section>\n","protected":false},"excerpt":{"rendered":"","protected":false},"author":1,"featured_media":0,"parent":8126,"menu_order":0,"comment_status":"closed","ping_status":"closed","template":"","meta":{"_uag_custom_page_level_css":"","site-sidebar-layout":"no-sidebar","site-content-layout":"page-builder","ast-site-content-layout":"default","site-content-style":"default","site-sidebar-style":"default","ast-global-header-display":"","ast-banner-title-visibility":"","ast-main-header-display":"","ast-hfb-above-header-display":"","ast-hfb-below-header-display":"","ast-hfb-mobile-header-display":"","site-post-title":"disabled","ast-breadcrumbs-content":"","ast-featured-img":"disabled","footer-sml-layout":"","ast-disable-related-posts":"","theme-transparent-header-meta":"default","adv-header-id-meta":"","stick-header-meta":"","header-above-stick-meta":"","header-main-stick-meta":"","header-below-stick-meta":"","astra-migrate-meta-layouts":"default","ast-page-background-enabled":"default","ast-page-background-meta":{"desktop":{"background-color":"","background-image":"","background-repeat":"repeat","background-position":"center center","background-size":"auto","background-attachment":"scroll","background-type":"","background-media":"","overlay-type":"","overlay-color":"","overlay-opacity":"","overlay-gradient":""},"tablet":{"background-color":"","background-image":"","background-repeat":"repeat","background-position":"center center","background-size":"auto","background-attachment":"scroll","background-type":"","background-media":"","overlay-type":"","overlay-color":"","overlay-opacity":"","overlay-gradient":""},"mobile":{"background-color":"","background-image":"","background-repeat":"repeat","background-position":"center center","background-size":"auto","background-attachment":"scroll","background-type":"","background-media":"","overlay-type":"","overlay-color":"","overlay-opacity":"","overlay-gradient":""}},"ast-content-background-meta":{"desktop":{"background-color":"var(--ast-global-color-5)","background-image":"","background-repeat":"repeat","background-position":"center center","background-size":"auto","background-attachment":"scroll","background-type":"","background-media":"","overlay-type":"","overlay-color":"","overlay-opacity":"","overlay-gradient":""},"tablet":{"background-color":"var(--ast-global-color-5)","background-image":"","background-repeat":"repeat","background-position":"center center","background-size":"auto","background-attachment":"scroll","background-type":"","background-media":"","overlay-type":"","overlay-color":"","overlay-opacity":"","overlay-gradient":""},"mobile":{"background-color":"var(--ast-global-color-5)","background-image":"","background-repeat":"repeat","background-position":"center center","background-size":"auto","background-attachment":"scroll","background-type":"","background-media":"","overlay-type":"","overlay-color":"","overlay-opacity":"","overlay-gradient":""}},"footnotes":""},"class_list":["post-8137","page","type-page","status-publish","hentry"],"uagb_featured_image_src":{"full":false,"thumbnail":false,"medium":false,"medium_large":false,"large":false,"1536x1536":false,"2048x2048":false},"uagb_author_info":{"display_name":"Raphael","author_link":"https:\/\/urbenag.ch\/fr\/author\/rapsli\/"},"uagb_comment_info":0,"uagb_excerpt":null,"_links":{"self":[{"href":"https:\/\/urbenag.ch\/fr\/wp-json\/wp\/v2\/pages\/8137","targetHints":{"allow":["GET"]}}],"collection":[{"href":"https:\/\/urbenag.ch\/fr\/wp-json\/wp\/v2\/pages"}],"about":[{"href":"https:\/\/urbenag.ch\/fr\/wp-json\/wp\/v2\/types\/page"}],"author":[{"embeddable":true,"href":"https:\/\/urbenag.ch\/fr\/wp-json\/wp\/v2\/users\/1"}],"replies":[{"embeddable":true,"href":"https:\/\/urbenag.ch\/fr\/wp-json\/wp\/v2\/comments?post=8137"}],"version-history":[{"count":0,"href":"https:\/\/urbenag.ch\/fr\/wp-json\/wp\/v2\/pages\/8137\/revisions"}],"up":[{"embeddable":true,"href":"https:\/\/urbenag.ch\/fr\/wp-json\/wp\/v2\/pages\/8126"}],"wp:attachment":[{"href":"https:\/\/urbenag.ch\/fr\/wp-json\/wp\/v2\/media?parent=8137"}],"curies":[{"name":"wp","href":"https:\/\/api.w.org\/{rel}","templated":true}]}}