{"id":8133,"date":"2019-12-18T09:05:00","date_gmt":"2019-12-18T08:05:00","guid":{"rendered":"https:\/\/urbenag.ch\/produits-et-services\/prestations-de-service\/"},"modified":"2023-08-17T20:03:17","modified_gmt":"2023-08-17T18:03:17","slug":"prestations-de-service","status":"publish","type":"page","link":"https:\/\/urbenag.ch\/fr\/produits-et-services\/prestations-de-service\/","title":{"rendered":"Prestations de service"},"content":{"rendered":"\n<section class=\"wp-block-uagb-section uagb-section__wrap uagb-section__background-image alignfull uagb-block-1b35aaac\"><div class=\"uagb-section__overlay\"><\/div><div class=\"uagb-section__inner-wrap\">\n<div class=\"wp-block-uagb-advanced-heading uagb-block-87ccee99\"><h1 class=\"uagb-heading-text\">Service inclus dans le forfait<\/h1><p class=\"uagb-desc-text\">Pour les machines \u00e0 laver, les s\u00e8che-linge et les lave-vaisselle<\/p><\/div>\n<\/div><\/section>\n\n<section class=\"wp-block-uagb-section uagb-section__wrap uagb-section__background-undefined uagb-block-05be0182\"><div class=\"uagb-section__overlay\"><\/div><div class=\"uagb-section__inner-wrap\">\n<div class=\"wp-block-uagb-advanced-heading uagb-block-f4f3d212\"><h2 class=\"uagb-heading-text\" id=\"wa-rep\">Notre paquet de services<\/h2><p class=\"uagb-desc-text\"><\/p><\/div>\n\n\n\n<p>Les appareils \u00e9lectrom\u00e9nagers sont de fid\u00e8les auxiliaires tr\u00e8s utilis\u00e9s. Chaque jour, ils enl\u00e8vent les taches, ramollissent les restes de nourriture et \u00e9liminent les \u00e9claboussures de graisse tenaces. Tant que tout tourne rond, les appareils assidus restent \u00e0 l&#8217;arri\u00e8re-plan. D\u00e8s que quelque chose ne fonctionne plus comme pr\u00e9vu, le stress commence. Quand as-tu lav\u00e9 des v\u00eatements \u00e0 la main pour la derni\u00e8re fois ? Ou un d\u00eener de No\u00ebl complet lav\u00e9 \u00e0 la main ?<\/p>\n\n\n\n<p>Pour que cela n&#8217;arrive pas, nous proposons un service de nettoyage et d&#8217;entretien forfaitaire. Cela permet de prolonger la dur\u00e9e de vie et de r\u00e9duire les co\u00fbts \u00e9nerg\u00e9tiques. Notre service comprend<\/p>\n\n\n\n<ul class=\"wp-block-list\"><li>Contr\u00f4le de fonctionnement<\/li><li>Contr\u00f4le de s\u00e9curit\u00e9<\/li><li>Nettoyage<\/li><li>D\u00e9sinfection<\/li><\/ul>\n\n\n\n<p><strong>Prix  <\/strong><br\/>Pour les mandats \u00e0 Herzogenbuchsee, Nieder\u00f6nz, Th\u00f6rigen, Bettenhausen et Aeschi : 180 CHF<br\/>Pour les commandes en dehors de ces villages : 230 CHF<\/p>\n\n\n\n<p class=\"has-text-color has-background has-medium-font-size\" style=\"background-color:#ee4224;color:#ffffff\">Ich m\u00f6chte Beratung durch eine Fachperson. Kontaktiere uns via Telefon <a class=\"rank-math-link tel\" href=\"tel:0629616220\">062 961 62 20<\/a> oder E-mail <a href=\"mailto:service@urbenag.ch\"><\/a><a href=\"mailto:info@urbenag.ch\" class=\"rank-math-link\">info@urbenag.ch<\/a> oder kommst bei uns vorbei.<\/p>\n\n\n\n<p>Ne sont pas compris dans le forfait : les \u00e9ventuels travaux de r\u00e9paration ainsi que les pi\u00e8ces de rechange. Si notre technicien de service trouve des d\u00e9fauts correspondants, nous lui soumettons une offre. Le paquet de services est disponible pour les appareils suivants : Lave-linge, s\u00e8che-linge, lave-vaisselle.<\/p>\n<\/div><\/section>\n","protected":false},"excerpt":{"rendered":"","protected":false},"author":1,"featured_media":0,"parent":8126,"menu_order":0,"comment_status":"closed","ping_status":"closed","template":"","meta":{"_uag_custom_page_level_css":"","site-sidebar-layout":"no-sidebar","site-content-layout":"page-builder","ast-site-content-layout":"default","site-content-style":"default","site-sidebar-style":"default","ast-global-header-display":"","ast-banner-title-visibility":"","ast-main-header-display":"","ast-hfb-above-header-display":"","ast-hfb-below-header-display":"","ast-hfb-mobile-header-display":"","site-post-title":"disabled","ast-breadcrumbs-content":"","ast-featured-img":"disabled","footer-sml-layout":"","ast-disable-related-posts":"","theme-transparent-header-meta":"default","adv-header-id-meta":"","stick-header-meta":"","header-above-stick-meta":"","header-main-stick-meta":"","header-below-stick-meta":"","astra-migrate-meta-layouts":"default","ast-page-background-enabled":"default","ast-page-background-meta":{"desktop":{"background-color":"","background-image":"","background-repeat":"repeat","background-position":"center center","background-size":"auto","background-attachment":"scroll","background-type":"","background-media":"","overlay-type":"","overlay-color":"","overlay-opacity":"","overlay-gradient":""},"tablet":{"background-color":"","background-image":"","background-repeat":"repeat","background-position":"center center","background-size":"auto","background-attachment":"scroll","background-type":"","background-media":"","overlay-type":"","overlay-color":"","overlay-opacity":"","overlay-gradient":""},"mobile":{"background-color":"","background-image":"","background-repeat":"repeat","background-position":"center center","background-size":"auto","background-attachment":"scroll","background-type":"","background-media":"","overlay-type":"","overlay-color":"","overlay-opacity":"","overlay-gradient":""}},"ast-content-background-meta":{"desktop":{"background-color":"var(--ast-global-color-5)","background-image":"","background-repeat":"repeat","background-position":"center center","background-size":"auto","background-attachment":"scroll","background-type":"","background-media":"","overlay-type":"","overlay-color":"","overlay-opacity":"","overlay-gradient":""},"tablet":{"background-color":"var(--ast-global-color-5)","background-image":"","background-repeat":"repeat","background-position":"center center","background-size":"auto","background-attachment":"scroll","background-type":"","background-media":"","overlay-type":"","overlay-color":"","overlay-opacity":"","overlay-gradient":""},"mobile":{"background-color":"var(--ast-global-color-5)","background-image":"","background-repeat":"repeat","background-position":"center center","background-size":"auto","background-attachment":"scroll","background-type":"","background-media":"","overlay-type":"","overlay-color":"","overlay-opacity":"","overlay-gradient":""}},"footnotes":""},"class_list":["post-8133","page","type-page","status-publish","hentry"],"uagb_featured_image_src":{"full":false,"thumbnail":false,"medium":false,"medium_large":false,"large":false,"1536x1536":false,"2048x2048":false},"uagb_author_info":{"display_name":"Raphael","author_link":"https:\/\/urbenag.ch\/fr\/author\/rapsli\/"},"uagb_comment_info":0,"uagb_excerpt":null,"_links":{"self":[{"href":"https:\/\/urbenag.ch\/fr\/wp-json\/wp\/v2\/pages\/8133","targetHints":{"allow":["GET"]}}],"collection":[{"href":"https:\/\/urbenag.ch\/fr\/wp-json\/wp\/v2\/pages"}],"about":[{"href":"https:\/\/urbenag.ch\/fr\/wp-json\/wp\/v2\/types\/page"}],"author":[{"embeddable":true,"href":"https:\/\/urbenag.ch\/fr\/wp-json\/wp\/v2\/users\/1"}],"replies":[{"embeddable":true,"href":"https:\/\/urbenag.ch\/fr\/wp-json\/wp\/v2\/comments?post=8133"}],"version-history":[{"count":0,"href":"https:\/\/urbenag.ch\/fr\/wp-json\/wp\/v2\/pages\/8133\/revisions"}],"up":[{"embeddable":true,"href":"https:\/\/urbenag.ch\/fr\/wp-json\/wp\/v2\/pages\/8126"}],"wp:attachment":[{"href":"https:\/\/urbenag.ch\/fr\/wp-json\/wp\/v2\/media?parent=8133"}],"curies":[{"name":"wp","href":"https:\/\/api.w.org\/{rel}","templated":true}]}}