{"id":8129,"date":"2019-06-03T11:33:40","date_gmt":"2019-06-03T09:33:40","guid":{"rendered":"https:\/\/urbenag.ch\/produits-et-services\/refrigerateur-et-congelateur\/"},"modified":"2023-08-17T20:03:17","modified_gmt":"2023-08-17T18:03:17","slug":"refrigerateur-et-congelateur","status":"publish","type":"page","link":"https:\/\/urbenag.ch\/fr\/produits-et-services\/refrigerateur-et-congelateur\/","title":{"rendered":"R\u00e9frig\u00e9rateur et cong\u00e9lateur"},"content":{"rendered":"\n<section class=\"wp-block-uagb-section uagb-section__wrap uagb-section__background-image alignfull uagb-block-aabd5692\"><div class=\"uagb-section__overlay\"><\/div><div class=\"uagb-section__inner-wrap\">\n<div class=\"wp-block-uagb-advanced-heading uagb-block-65425234\"><h1 class=\"uagb-heading-text\">R\u00e9frig\u00e9rateur et cong\u00e9lateur<\/h1><p class=\"uagb-desc-text\">Ou tu aimes boire de l&#8217;eau chaude ?<\/p><\/div>\n<\/div><\/section>\n\n<section class=\"wp-block-uagb-section uagb-section__wrap uagb-section__background-undefined uagb-block-95cc4ab9\"><div class=\"uagb-section__overlay\"><\/div><div class=\"uagb-section__inner-wrap\">\n<div class=\"wp-block-uagb-buttons uagb-buttons__outer-wrap uagb-block-85cf24ed\"><div class=\"uagb-buttons__wrap uagb-buttons-layout-wrap\">\n<div class=\"wp-block-uagb-buttons-child uagb-buttons__outer-wrap uagb-block-0886f4cb\"><div class=\"uagb-button__wrapper\"><a class=\"uagb-buttons-repeater\" href=\"#wa-rep\" rel=\"noopener noreferrer\" target=\"_self\"><div class=\"uagb-button__link\">R\u00e9parer<\/div><\/a><\/div><\/div>\n\n\n\n<div class=\"wp-block-uagb-buttons-child uagb-buttons__outer-wrap uagb-block-3cd32a34\"><div class=\"uagb-button__wrapper\"><a class=\"uagb-buttons-repeater\" href=\"#wa-kaufen\" rel=\"noopener noreferrer\" target=\"_self\"><div class=\"uagb-button__link\">Acheter<\/div><\/a><\/div><\/div>\n<\/div><\/div>\n\n\n\n<p><\/p>\n<\/div><\/section>\n\n<section class=\"wp-block-uagb-section uagb-section__wrap uagb-section__background-undefined uagb-block-27fd721a\"><div class=\"uagb-section__overlay\"><\/div><div class=\"uagb-section__inner-wrap\">\n<div class=\"wp-block-image\"><figure class=\"aligncenter\"><img loading=\"lazy\" decoding=\"async\" width=\"170\" height=\"170\" src=\"https:\/\/urbenag.ch\/wp-content\/uploads\/2019\/01\/v-zug-kuehlschrank.jpg\" alt=\"\" class=\"wp-image-599\" srcset=\"https:\/\/urbenag.ch\/wp-content\/uploads\/2019\/01\/v-zug-kuehlschrank.jpg 170w, https:\/\/urbenag.ch\/wp-content\/uploads\/2019\/01\/v-zug-kuehlschrank-150x150.jpg 150w, https:\/\/urbenag.ch\/wp-content\/uploads\/2019\/01\/v-zug-kuehlschrank-125x125.jpg 125w\" sizes=\"auto, (max-width: 170px) 100vw, 170px\" \/><\/figure><\/div>\n\n\n\n<div class=\"wp-block-uagb-advanced-heading uagb-block-d2f8b644\"><h2 class=\"uagb-heading-text\" id=\"wa-rep\">R\u00e9parer un r\u00e9frig\u00e9rateur ou un cong\u00e9lateur<\/h2><p class=\"uagb-desc-text\"><\/p><\/div>\n\n\n\n<h4 class=\"wp-block-heading\">Entraide<\/h4>\n\n\n\n<p>Il n&#8217;est pas toujours n\u00e9cessaire de disposer de connaissances techniques et d&#8217;outils sp\u00e9ciaux pour remettre le r\u00e9frig\u00e9rateur en \u00e9tat de marche. Les probl\u00e8mes suivants peuvent \u00eatre facilement r\u00e9solus par soi-m\u00eame :<\/p>\n\n\n\n<p><strong>La lumi\u00e8re du r\u00e9frig\u00e9rateur ne s&#8217;allume plus<\/strong><br\/>La lampe est probablement d\u00e9fectueuse. Le couvercle du c\u00f4t\u00e9 o\u00f9 la lumi\u00e8re est normalement allum\u00e9e peut \u00eatre retir\u00e9 pour remplacer l&#8217;ampoule.<\/p>\n\n\n\n<h4 class=\"wp-block-heading\">Probl\u00e8mes\/dysfonctionnements courants<\/h4>\n\n\n\n<p>D&#8217;autres pannes ne peuvent \u00eatre r\u00e9solues qu&#8217;avec une grande habilet\u00e9 manuelle et les connaissances techniques correspondantes. Il s&#8217;agit notamment des probl\u00e8mes courants suivants :<\/p>\n\n\n\n<ul class=\"wp-block-list\"><li>Le r\u00e9frig\u00e9rateur ne se ferme plus correctement -&gt; Les charni\u00e8res doivent \u00eatre remplac\u00e9es.<\/li><li>Du givre se forme toujours sur la paroi arri\u00e8re -&gt; Le thermostat est d\u00e9fectueux ou le joint d&#8217;\u00e9tanch\u00e9it\u00e9 n&#8217;est plus bon.<\/li><li>La paroi arri\u00e8re du r\u00e9frig\u00e9rateur se d\u00e9tache -&gt; Il faut s&#8217;attendre \u00e0 ce qu&#8217;il ne puisse plus \u00eatre r\u00e9par\u00e9.<\/li><\/ul>\n\n\n\n<p class=\"has-text-align-center has-text-color has-background has-medium-font-size\" style=\"background-color:#ee4224;color:#ffffff\">J&#8217;ai besoin d&#8217;un sp\u00e9cialiste.  <br\/>Contacte-nous par t\u00e9l\u00e9phone <a href=\"tel:077 277 71 43\" class=\"tel\">au 077 277 71 43<\/a> ou par e-mail <a href=\"mailto:service@urbenag.ch\">\u00e0 l&#8217;adresse service@urbenag.ch.<\/a><\/p>\n<\/div><\/section>\n\n<section class=\"wp-block-uagb-section uagb-section__wrap uagb-section__background-undefined uagb-block-2507f104\"><div class=\"uagb-section__overlay\"><\/div><div class=\"uagb-section__inner-wrap\">\n<div class=\"wp-block-image\"><figure class=\"aligncenter\"><img loading=\"lazy\" decoding=\"async\" width=\"170\" height=\"170\" src=\"https:\/\/urbenag.ch\/wp-content\/uploads\/2019\/01\/v-zug-kuehlschrank.jpg\" alt=\"\" class=\"wp-image-599\" srcset=\"https:\/\/urbenag.ch\/wp-content\/uploads\/2019\/01\/v-zug-kuehlschrank.jpg 170w, https:\/\/urbenag.ch\/wp-content\/uploads\/2019\/01\/v-zug-kuehlschrank-150x150.jpg 150w, https:\/\/urbenag.ch\/wp-content\/uploads\/2019\/01\/v-zug-kuehlschrank-125x125.jpg 125w\" sizes=\"auto, (max-width: 170px) 100vw, 170px\" \/><figcaption>R\u00e9frig\u00e9rateur Raparatur<\/figcaption><\/figure><\/div>\n\n\n\n<div class=\"wp-block-uagb-advanced-heading uagb-block-6a5d7598\"><h2 class=\"uagb-heading-text\" id=\"wa-kaufen\">Acheter un r\u00e9frig\u00e9rateur ou un cong\u00e9lateur<\/h2><p class=\"uagb-desc-text\"><\/p><\/div>\n\n\n\n<h4 class=\"wp-block-heading\">Conseils d&#8217;achat<\/h4>\n\n\n\n<p>Les questions suivantes devraient faciliter la d\u00e9cision d&#8217;achat :<\/p>\n\n\n\n<p><strong>Dur\u00e9e de vie attendue de la machine<\/strong><br\/>Un r\u00e9frig\u00e9rateur de haute qualit\u00e9 devrait durer 10 ans.<\/p>\n\n\n\n<p><strong>Budget<\/strong><br\/>Les appareils de r\u00e9frig\u00e9ration sont disponibles \u00e0 partir de 500 francs jusqu&#8217;\u00e0 quelques milliers de francs. Qu&#8217;est-ce que le budget ?<\/p>\n\n\n\n<p><strong>No Frost et zone 0\u00b0C, oui ou non ?<br\/><\/strong>Les nouveaux appareils offrent la fonction No Frost pour que le r\u00e9frig\u00e9rateur ne doive plus \u00eatre d\u00e9givr\u00e9. De plus, les r\u00e9frig\u00e9rateurs ont une zone 0\u00b0C qui permet de conserver les l\u00e9gumes encore plus longtemps.<\/p>\n\n\n\n<p><strong>Fonctions<\/strong><br\/>Si des fonctions sp\u00e9ciales sont souhait\u00e9es, , une commande via une application, etc. Les fabricants proposent toutes sortes de produits utiles.  <\/p>\n\n\n\n<h4 class=\"wp-block-heading\">Marques courantes<\/h4>\n\n\n\n<p>Nous vendons les marques suivantes :<\/p>\n\n\n\n<div class=\"wp-block-columns has-2-columns is-layout-flex wp-container-core-columns-is-layout-28f84493 wp-block-columns-is-layout-flex\">\n<div class=\"wp-block-column is-layout-flow wp-block-column-is-layout-flow\">\n<ul class=\"wp-block-list\"><li>V-Zug<\/li><li>Miele<\/li><li>Electorlux<\/li><\/ul>\n<\/div>\n\n\n\n<div class=\"wp-block-column is-layout-flow wp-block-column-is-layout-flow\">\n<ul class=\"wp-block-list\"><li>Bosch<\/li><li>Siemens<\/li><li>AEG<\/li><\/ul>\n<\/div>\n<\/div>\n\n\n\n<p class=\"has-text-color has-background has-medium-font-size\" style=\"background-color:#ee4224;color:#ffffff\">Ich m\u00f6chte Beratung durch eine Fachperson. Kontaktiere uns via Telefon <a class=\"rank-math-link tel\" href=\"tel:0629616220\">062 961 62 20<\/a> oder E-mail <a href=\"mailto:service@urbenag.ch\"><\/a><a href=\"mailto:info@urbenag.ch\" class=\"rank-math-link\">info@urbenag.ch<\/a> oder kommst bei uns vorbei.<\/p>\n<\/div><\/section>\n","protected":false},"excerpt":{"rendered":"","protected":false},"author":1,"featured_media":0,"parent":8126,"menu_order":0,"comment_status":"closed","ping_status":"closed","template":"","meta":{"_uag_custom_page_level_css":"","site-sidebar-layout":"no-sidebar","site-content-layout":"page-builder","ast-site-content-layout":"default","site-content-style":"default","site-sidebar-style":"default","ast-global-header-display":"","ast-banner-title-visibility":"","ast-main-header-display":"","ast-hfb-above-header-display":"","ast-hfb-below-header-display":"","ast-hfb-mobile-header-display":"","site-post-title":"disabled","ast-breadcrumbs-content":"","ast-featured-img":"disabled","footer-sml-layout":"","ast-disable-related-posts":"","theme-transparent-header-meta":"default","adv-header-id-meta":"","stick-header-meta":"","header-above-stick-meta":"","header-main-stick-meta":"","header-below-stick-meta":"","astra-migrate-meta-layouts":"default","ast-page-background-enabled":"default","ast-page-background-meta":{"desktop":{"background-color":"","background-image":"","background-repeat":"repeat","background-position":"center center","background-size":"auto","background-attachment":"scroll","background-type":"","background-media":"","overlay-type":"","overlay-color":"","overlay-opacity":"","overlay-gradient":""},"tablet":{"background-color":"","background-image":"","background-repeat":"repeat","background-position":"center center","background-size":"auto","background-attachment":"scroll","background-type":"","background-media":"","overlay-type":"","overlay-color":"","overlay-opacity":"","overlay-gradient":""},"mobile":{"background-color":"","background-image":"","background-repeat":"repeat","background-position":"center center","background-size":"auto","background-attachment":"scroll","background-type":"","background-media":"","overlay-type":"","overlay-color":"","overlay-opacity":"","overlay-gradient":""}},"ast-content-background-meta":{"desktop":{"background-color":"var(--ast-global-color-5)","background-image":"","background-repeat":"repeat","background-position":"center center","background-size":"auto","background-attachment":"scroll","background-type":"","background-media":"","overlay-type":"","overlay-color":"","overlay-opacity":"","overlay-gradient":""},"tablet":{"background-color":"var(--ast-global-color-5)","background-image":"","background-repeat":"repeat","background-position":"center center","background-size":"auto","background-attachment":"scroll","background-type":"","background-media":"","overlay-type":"","overlay-color":"","overlay-opacity":"","overlay-gradient":""},"mobile":{"background-color":"var(--ast-global-color-5)","background-image":"","background-repeat":"repeat","background-position":"center center","background-size":"auto","background-attachment":"scroll","background-type":"","background-media":"","overlay-type":"","overlay-color":"","overlay-opacity":"","overlay-gradient":""}},"footnotes":""},"class_list":["post-8129","page","type-page","status-publish","hentry"],"uagb_featured_image_src":{"full":false,"thumbnail":false,"medium":false,"medium_large":false,"large":false,"1536x1536":false,"2048x2048":false},"uagb_author_info":{"display_name":"Raphael","author_link":"https:\/\/urbenag.ch\/fr\/author\/rapsli\/"},"uagb_comment_info":0,"uagb_excerpt":null,"_links":{"self":[{"href":"https:\/\/urbenag.ch\/fr\/wp-json\/wp\/v2\/pages\/8129","targetHints":{"allow":["GET"]}}],"collection":[{"href":"https:\/\/urbenag.ch\/fr\/wp-json\/wp\/v2\/pages"}],"about":[{"href":"https:\/\/urbenag.ch\/fr\/wp-json\/wp\/v2\/types\/page"}],"author":[{"embeddable":true,"href":"https:\/\/urbenag.ch\/fr\/wp-json\/wp\/v2\/users\/1"}],"replies":[{"embeddable":true,"href":"https:\/\/urbenag.ch\/fr\/wp-json\/wp\/v2\/comments?post=8129"}],"version-history":[{"count":0,"href":"https:\/\/urbenag.ch\/fr\/wp-json\/wp\/v2\/pages\/8129\/revisions"}],"up":[{"embeddable":true,"href":"https:\/\/urbenag.ch\/fr\/wp-json\/wp\/v2\/pages\/8126"}],"wp:attachment":[{"href":"https:\/\/urbenag.ch\/fr\/wp-json\/wp\/v2\/media?parent=8129"}],"curies":[{"name":"wp","href":"https:\/\/api.w.org\/{rel}","templated":true}]}}