{"id":8122,"date":"2013-10-10T14:38:00","date_gmt":"2013-10-10T12:38:00","guid":{"rendered":"https:\/\/urbenag.ch\/contact\/"},"modified":"2025-01-20T07:58:58","modified_gmt":"2025-01-20T06:58:58","slug":"contact","status":"publish","type":"page","link":"https:\/\/urbenag.ch\/fr\/contact\/","title":{"rendered":"Contact"},"content":{"rendered":"\n<section class=\"wp-block-uagb-section uagb-section__wrap uagb-section__background-image uagb-block-f3f9c62e\"><div class=\"uagb-section__overlay\"><\/div><div class=\"uagb-section__inner-wrap\">\n<div class=\"wp-block-uagb-advanced-heading uagb-block-4b9c308d\" id=\"uagb-adv-heading-25646736-1dde-4f5e-b907-63b2870b7ed9\"><h1 class=\"uagb-heading-text\">Contact<\/h1><p class=\"uagb-desc-text\">Garantit l&#8217;amabilit\u00e9<\/p><\/div>\n\n\n\n<p><\/p>\n<\/div><\/section>\n\n<section class=\"wp-block-uagb-section uagb-section__wrap uagb-section__background-undefined uagb-block-0626e597\"><div class=\"uagb-section__overlay\"><\/div><div class=\"uagb-section__inner-wrap\">\n<p>Par t\u00e9l\u00e9phone, par e-mail ou directement au magasin. Que ce soit pour une r\u00e9paration, un nouvel appareil, des souhaits particuliers ou tout simplement pour discuter. Nous sommes toujours \u00e0 l&#8217;\u00e9coute et avons une solution \u00e0 tes questions et pr\u00e9occupations.  <\/p>\n\n\n\n<div class=\"wp-block-buttons is-layout-flex wp-block-buttons-is-layout-flex\">\n<div class=\"wp-block-button\"><a class=\"wp-block-button__link wp-element-button\" href=\"https:\/\/termine.urbenag.ch\/stoerung\/\">Saisir facilement en ligne un rendez-vous pour une panne !<\/a><\/div>\n<\/div>\n\n\n\n<section class=\"wp-block-uagb-columns uagb-columns__wrap uagb-columns__background-none uagb-columns__stack-mobile uagb-columns__valign- uagb-columns__gap-10 align uagb-block-1484b02b uagb-columns__columns-2 uagb-columns__max_width-theme\"><div class=\"uagb-columns__overlay\"><\/div><div class=\"uagb-columns__inner-wrap uagb-columns__columns-2\">\n<div class=\"wp-block-uagb-column uagb-column__wrap uagb-column__background-undefined uagb-block-53f06e52\"><div class=\"uagb-column__overlay\"><\/div><div class=\"wpforms-container wpforms-block wpforms-block-47d4ad17-c5b8-419c-9050-d46400430ea2\" id=\"wpforms-555\"><form id=\"wpforms-form-555\" class=\"wpforms-validate wpforms-form\" data-formid=\"555\" method=\"post\" enctype=\"multipart\/form-data\" action=\"\/fr\/wp-json\/wp\/v2\/pages\/8122\" data-token=\"bdd34d074099a23619de76a7d2cb0723\" data-token-time=\"1777507861\"><noscript class=\"wpforms-error-noscript\">Veuillez activer JavaScript dans votre navigateur pour remplir ce formulaire.<\/noscript><div class=\"wpforms-field-container\"><div id=\"wpforms-555-field_0-container\" class=\"wpforms-field wpforms-field-name\" data-field-id=\"0\"><label class=\"wpforms-field-label\" for=\"wpforms-555-field_0\">Name <span class=\"wpforms-required-label\">*<\/span><\/label><input type=\"text\" id=\"wpforms-555-field_0\" class=\"wpforms-field-large wpforms-field-required\" name=\"wpforms[fields][0]\" required><\/div><div id=\"wpforms-555-field_1-container\" class=\"wpforms-field wpforms-field-email\" data-field-id=\"1\"><label class=\"wpforms-field-label\" for=\"wpforms-555-field_1\">E-Mail <span class=\"wpforms-required-label\">*<\/span><\/label><input type=\"email\" id=\"wpforms-555-field_1\" class=\"wpforms-field-large wpforms-field-required\" name=\"wpforms[fields][1]\" spellcheck=\"false\" required><\/div><div id=\"wpforms-555-field_3-container\" class=\"wpforms-field wpforms-field-phone\" data-field-id=\"3\"><label class=\"wpforms-field-label\" for=\"wpforms-555-field_3\">Telefonnummer <span class=\"wpforms-required-label\">*<\/span><\/label><input type=\"tel\" id=\"wpforms-555-field_3\" class=\"wpforms-field-large wpforms-field-required wpforms-smart-phone-field\" data-rule-smart-phone-field=\"true\" name=\"wpforms[fields][3]\" aria-label=\"Telefonnummer\" required><\/div><div id=\"wpforms-555-field_4-container\" class=\"wpforms-field wpforms-field-text\" data-field-id=\"4\"><label class=\"wpforms-field-label\" for=\"wpforms-555-field_4\">Ort\/Stadt\/Dorf <span class=\"wpforms-required-label\">*<\/span><\/label><input type=\"text\" id=\"wpforms-555-field_4\" class=\"wpforms-field-large wpforms-field-required\" name=\"wpforms[fields][4]\" required><\/div><div id=\"wpforms-555-field_2-container\" class=\"wpforms-field wpforms-field-textarea\" data-field-id=\"2\"><label class=\"wpforms-field-label\" for=\"wpforms-555-field_2\">Kommentar oder Nachricht <span class=\"wpforms-required-label\">*<\/span><\/label><textarea id=\"wpforms-555-field_2\" class=\"wpforms-field-medium wpforms-field-required\" name=\"wpforms[fields][2]\" required><\/textarea><\/div><\/div><!-- .wpforms-field-container --><div class=\"wpforms-field wpforms-field-hp\"><label for=\"wpforms-555-field-hp\" class=\"wpforms-field-label\">Phone<\/label><input type=\"text\" name=\"wpforms[hp]\" id=\"wpforms-555-field-hp\" class=\"wpforms-field-medium\"><\/div><div class=\"wpforms-recaptcha-container wpforms-is-recaptcha wpforms-is-recaptcha-type-v3\" ><input type=\"hidden\" name=\"wpforms[recaptcha]\" value=\"\"><\/div><div class=\"wpforms-submit-container\" ><input type=\"hidden\" name=\"wpforms[id]\" value=\"555\"><input type=\"hidden\" name=\"page_title\" value=\"\"><input type=\"hidden\" name=\"page_url\" value=\"https:\/\/urbenag.ch\/fr\/wp-json\/wp\/v2\/pages\/8122\"><input type=\"hidden\" name=\"url_referer\" value=\"\"><button type=\"submit\" name=\"wpforms[submit]\" id=\"wpforms-submit-555\" class=\"wpforms-submit\" data-alt-text=\"Sende...\" data-submit-text=\"Senden\" aria-live=\"assertive\" value=\"wpforms-submit\">Senden<\/button><\/div><\/form><\/div>  <!-- .wpforms-container --><\/div>\n\n\n\n<div class=\"wp-block-uagb-column uagb-column__wrap uagb-column__background-undefined uagb-block-79858c60\"><div class=\"uagb-column__overlay\"><\/div>\n<p class=\"has-cyan-bluish-gray-background-color has-background\"><strong>Urben AG<\/strong><br\/>Bitziusstrasse 15<br\/>3360 Herzogenbuchsee <br\/><br\/> T\u00e9l : <a href=\"tel:0629616220\" data-type=\"tel\" data-id=\"tel:0629616220\">062 961 62 20<\/a><br\/>E-mail : <a href=\"mailto:info@urbenag.ch\">info@urbenag.ch<\/a> <br\/><br\/> <strong><a href=\"https:\/\/urbenag.ch\/portrait\/unsere-standorte\/\">Heures d&#8217;ouverture<\/a><\/strong><\/p>\n<\/div>\n<\/div><\/section>\n\n\n\t\t\t<div \n\t\t\tclass=\"wp-block-uagb-google-map uagb-google-map__wrap uagb-block-23307c80     \"\n\t\t\tstyle=\"\" >\n\t\t\t\t<embed\n\t\t\t\t\tclass=\"uagb-google-map__iframe\"\n\t\t\t\t\ttitle=\"Carte Google pour \"\n\t\t\t\t\tsrc=\"https:\/\/maps.google.com\/maps?q=Bitziusstrasse%2015%2C%20herzogenbuchsee&#038;z=14&#038;hl=de&#038;t=m&#038;output=embed&#038;iwloc=near\"\n\t\t\t\t\twidth=\"640\"\n\t\t\t\t\theight=\"374\"\n\t\t\t\t\tloading=\"lazy\"\n\t\t\t\t><\/embed>\n\t\t\t<\/div>\n\t\t\t<\/div><\/section>\n","protected":false},"excerpt":{"rendered":"","protected":false},"author":1,"featured_media":7935,"parent":0,"menu_order":0,"comment_status":"closed","ping_status":"open","template":"","meta":{"_uag_custom_page_level_css":"","site-sidebar-layout":"no-sidebar","site-content-layout":"page-builder","ast-site-content-layout":"full-width-container","site-content-style":"unboxed","site-sidebar-style":"unboxed","ast-global-header-display":"","ast-banner-title-visibility":"","ast-main-header-display":"","ast-hfb-above-header-display":"","ast-hfb-below-header-display":"","ast-hfb-mobile-header-display":"","site-post-title":"disabled","ast-breadcrumbs-content":"","ast-featured-img":"disabled","footer-sml-layout":"","ast-disable-related-posts":"","theme-transparent-header-meta":"default","adv-header-id-meta":"","stick-header-meta":"","header-above-stick-meta":"","header-main-stick-meta":"","header-below-stick-meta":"","astra-migrate-meta-layouts":"set","ast-page-background-enabled":"default","ast-page-background-meta":{"desktop":{"background-color":"","background-image":"","background-repeat":"repeat","background-position":"center center","background-size":"auto","background-attachment":"scroll","background-type":"","background-media":"","overlay-type":"","overlay-color":"","overlay-opacity":"","overlay-gradient":""},"tablet":{"background-color":"","background-image":"","background-repeat":"repeat","background-position":"center center","background-size":"auto","background-attachment":"scroll","background-type":"","background-media":"","overlay-type":"","overlay-color":"","overlay-opacity":"","overlay-gradient":""},"mobile":{"background-color":"","background-image":"","background-repeat":"repeat","background-position":"center center","background-size":"auto","background-attachment":"scroll","background-type":"","background-media":"","overlay-type":"","overlay-color":"","overlay-opacity":"","overlay-gradient":""}},"ast-content-background-meta":{"desktop":{"background-color":"var(--ast-global-color-5)","background-image":"","background-repeat":"repeat","background-position":"center center","background-size":"auto","background-attachment":"scroll","background-type":"","background-media":"","overlay-type":"","overlay-color":"","overlay-opacity":"","overlay-gradient":""},"tablet":{"background-color":"var(--ast-global-color-5)","background-image":"","background-repeat":"repeat","background-position":"center center","background-size":"auto","background-attachment":"scroll","background-type":"","background-media":"","overlay-type":"","overlay-color":"","overlay-opacity":"","overlay-gradient":""},"mobile":{"background-color":"var(--ast-global-color-5)","background-image":"","background-repeat":"repeat","background-position":"center center","background-size":"auto","background-attachment":"scroll","background-type":"","background-media":"","overlay-type":"","overlay-color":"","overlay-opacity":"","overlay-gradient":""}},"footnotes":""},"class_list":["post-8122","page","type-page","status-publish","has-post-thumbnail","hentry"],"uagb_featured_image_src":{"full":["https:\/\/urbenag.ch\/wp-content\/uploads\/2019\/06\/pavan-trikutam-1660-unsplash.jpg",1500,1000,false],"thumbnail":["https:\/\/urbenag.ch\/wp-content\/uploads\/2019\/06\/pavan-trikutam-1660-unsplash-150x150.jpg",150,150,true],"medium":["https:\/\/urbenag.ch\/wp-content\/uploads\/2019\/06\/pavan-trikutam-1660-unsplash-300x200.jpg",300,200,true],"medium_large":["https:\/\/urbenag.ch\/wp-content\/uploads\/2019\/06\/pavan-trikutam-1660-unsplash-768x512.jpg",768,512,true],"large":["https:\/\/urbenag.ch\/wp-content\/uploads\/2019\/06\/pavan-trikutam-1660-unsplash-1024x683.jpg",1024,683,true],"1536x1536":["https:\/\/urbenag.ch\/wp-content\/uploads\/2019\/06\/pavan-trikutam-1660-unsplash.jpg",1500,1000,false],"2048x2048":["https:\/\/urbenag.ch\/wp-content\/uploads\/2019\/06\/pavan-trikutam-1660-unsplash.jpg",1500,1000,false]},"uagb_author_info":{"display_name":"Raphael","author_link":"https:\/\/urbenag.ch\/fr\/author\/rapsli\/"},"uagb_comment_info":0,"uagb_excerpt":null,"_links":{"self":[{"href":"https:\/\/urbenag.ch\/fr\/wp-json\/wp\/v2\/pages\/8122","targetHints":{"allow":["GET"]}}],"collection":[{"href":"https:\/\/urbenag.ch\/fr\/wp-json\/wp\/v2\/pages"}],"about":[{"href":"https:\/\/urbenag.ch\/fr\/wp-json\/wp\/v2\/types\/page"}],"author":[{"embeddable":true,"href":"https:\/\/urbenag.ch\/fr\/wp-json\/wp\/v2\/users\/1"}],"replies":[{"embeddable":true,"href":"https:\/\/urbenag.ch\/fr\/wp-json\/wp\/v2\/comments?post=8122"}],"version-history":[{"count":0,"href":"https:\/\/urbenag.ch\/fr\/wp-json\/wp\/v2\/pages\/8122\/revisions"}],"wp:featuredmedia":[{"embeddable":true,"href":"https:\/\/urbenag.ch\/fr\/wp-json\/wp\/v2\/media\/7935"}],"wp:attachment":[{"href":"https:\/\/urbenag.ch\/fr\/wp-json\/wp\/v2\/media?parent=8122"}],"curies":[{"name":"wp","href":"https:\/\/api.w.org\/{rel}","templated":true}]}}