{"id":8121,"date":"2019-06-03T11:16:53","date_gmt":"2019-06-03T09:16:53","guid":{"rendered":"https:\/\/urbenag.ch\/four-steamer\/"},"modified":"2023-08-17T20:03:17","modified_gmt":"2023-08-17T18:03:17","slug":"four-steamer","status":"publish","type":"page","link":"https:\/\/urbenag.ch\/fr\/produits-et-services\/four-steamer\/","title":{"rendered":"Four &amp; Steamer"},"content":{"rendered":"\n<section class=\"wp-block-uagb-section uagb-section__wrap uagb-section__background-image alignfull uagb-block-19e2ff15\" id=\"uagb-section-aa948eaf-b541-4b78-a8cc-459637bce98a\"><div class=\"uagb-section__overlay\"><\/div><div class=\"uagb-section__inner-wrap\">\n<div class=\"wp-block-uagb-advanced-heading uagb-block-a14652b8\" id=\"uagb-adv-heading-3dcd4d94-e910-4a18-93a7-80d7f29217f6\"><h1 class=\"uagb-heading-text\">Four et steamer<\/h1><p class=\"uagb-desc-text\">Ou est-ce que tu cuisines sur le feu ?<\/p><\/div>\n<\/div><\/section>\n\n<section class=\"wp-block-uagb-section uagb-section__wrap uagb-section__background-undefined uagb-block-87c62dfd\" id=\"uagb-section-b9fe765e-a7eb-43ef-8601-a7ba7f5fb378\"><div class=\"uagb-section__overlay\"><\/div><div class=\"uagb-section__inner-wrap\">\n<div class=\"wp-block-uagb-buttons uagb-buttons__outer-wrap uagb-block-e81ac175\" id=\"uagb-buttons-7c1231b3-1ff2-4d2c-af91-68560f199331\"><div class=\"uagb-buttons__wrap uagb-buttons-layout-wrap\">\n<div class=\"wp-block-uagb-buttons-child uagb-buttons__outer-wrap uagb-block-47390568\"><div class=\"uagb-button__wrapper\"><a class=\"uagb-buttons-repeater\" href=\"#wa-rep\" rel=\"noopener noreferrer\" target=\"_self\"><div class=\"uagb-button__link\">R\u00e9parer<\/div><\/a><\/div><\/div>\n\n\n\n<div class=\"wp-block-uagb-buttons-child uagb-buttons__outer-wrap uagb-block-7974d038\"><div class=\"uagb-button__wrapper\"><a class=\"uagb-buttons-repeater\" href=\"#wa-kaufen\" rel=\"noopener noreferrer\" target=\"_self\"><div class=\"uagb-button__link\">Acheter<\/div><\/a><\/div><\/div>\n<\/div><\/div>\n\n\n\n<p>Il y a des fours, des steamers et des appareils combin\u00e9s (un four avec des fonctions vapeur).  <\/p>\n<\/div><\/section>\n\n<section class=\"wp-block-uagb-section uagb-section__wrap uagb-section__background-undefined uagb-block-4d89a113\" id=\"uagb-section-bd51d36d-0dd9-4302-a691-32e72d05876e\"><div class=\"uagb-section__overlay\"><\/div><div class=\"uagb-section__inner-wrap\">\n<div class=\"wp-block-image\"><figure class=\"aligncenter\"><img loading=\"lazy\" decoding=\"async\" width=\"170\" height=\"170\" src=\"https:\/\/urbenag.ch\/wp-content\/uploads\/2019\/01\/miele-backofen-klein.jpg\" alt=\"\" class=\"wp-image-600\" srcset=\"https:\/\/urbenag.ch\/wp-content\/uploads\/2019\/01\/miele-backofen-klein.jpg 170w, https:\/\/urbenag.ch\/wp-content\/uploads\/2019\/01\/miele-backofen-klein-150x150.jpg 150w, https:\/\/urbenag.ch\/wp-content\/uploads\/2019\/01\/miele-backofen-klein-125x125.jpg 125w\" sizes=\"auto, (max-width: 170px) 100vw, 170px\" \/><\/figure><\/div>\n\n\n\n<div class=\"wp-block-uagb-advanced-heading uagb-block-0f5ce16b\" id=\"uagb-adv-heading-5f2b3f16-631b-4499-a487-ea543f781211\"><h2 class=\"uagb-heading-text\" id=\"wa-rep\">R\u00e9parer un four ou un steamer<\/h2><p class=\"uagb-desc-text\"><\/p><\/div>\n\n\n\n<h4 class=\"wp-block-heading\">Entraide<\/h4>\n\n\n\n<p>Il n&#8217;est pas toujours n\u00e9cessaire de disposer de connaissances techniques et d&#8217;outils sp\u00e9ciaux pour faire fonctionner \u00e0 nouveau le four ou le steamer. Les probl\u00e8mes suivants peuvent \u00eatre facilement r\u00e9solus par soi-m\u00eame :<\/p>\n\n\n\n<p><strong>Le four ne chauffe pas comme je le souhaite<\/strong><br\/>Le thermostat qui se trouve dans l&#8217;habitacle s&#8217;est d\u00e9tach\u00e9 de son support et pend. Avec un peu d&#8217;habilet\u00e9, il est possible de l&#8217;accrocher \u00e0 nouveau soi-m\u00eame.<\/p>\n\n\n\n<p><strong>L&#8217;indicateur de remplissage d&#8217;eau du steamer indique toujours vide\/plein.<\/strong><br\/>Le r\u00e9servoir d&#8217;eau est entartr\u00e9 et doit \u00eatre nettoy\u00e9 (les flotteurs \u00e0 l&#8217;int\u00e9rieur sont bloqu\u00e9s).<br\/><\/p>\n\n\n\n<h4 class=\"wp-block-heading\">Probl\u00e8mes\/dysfonctionnements courants<\/h4>\n\n\n\n<p>D&#8217;autres pannes ne peuvent \u00eatre r\u00e9solues qu&#8217;avec une grande habilet\u00e9 manuelle et les connaissances techniques correspondantes. Il s&#8217;agit notamment des probl\u00e8mes courants suivants :<\/p>\n\n\n\n<ul class=\"wp-block-list\"><li>L&#8217;\u00e9l\u00e9ment chauffant est sectionn\u00e9 et doit \u00eatre remplac\u00e9.<\/li><li>Le four chauffe de mani\u00e8re impr\u00e9cise parce que le thermostat est d\u00e9fectueux -&gt; il faut le remplacer.<\/li><li>Les charni\u00e8res sont cass\u00e9es et doivent \u00eatre chang\u00e9es.<\/li><\/ul>\n\n\n\n<p class=\"has-text-align-center has-text-color has-background has-medium-font-size\" style=\"background-color:#ee4224;color:#ffffff\">J&#8217;ai besoin d&#8217;un sp\u00e9cialiste.  <br\/>Contacte-nous par t\u00e9l\u00e9phone <a href=\"tel:077 277 71 43\" class=\"tel\">au 077 277 71 43<\/a> ou par e-mail <a href=\"mailto:service@urbenag.ch\">\u00e0 l&#8217;adresse service@urbenag.ch.<\/a><\/p>\n<\/div><\/section>\n\n<section class=\"wp-block-uagb-section uagb-section__wrap uagb-section__background-undefined uagb-block-a6f7a816\" id=\"uagb-section-cb1ef183-a9d1-493e-9671-be0ae469b669\"><div class=\"uagb-section__overlay\"><\/div><div class=\"uagb-section__inner-wrap\">\n<div class=\"wp-block-image\"><figure class=\"aligncenter\"><img loading=\"lazy\" decoding=\"async\" width=\"170\" height=\"170\" src=\"https:\/\/urbenag.ch\/wp-content\/uploads\/2019\/01\/miele-backofen-klein.jpg\" alt=\"\" class=\"wp-image-600\" srcset=\"https:\/\/urbenag.ch\/wp-content\/uploads\/2019\/01\/miele-backofen-klein.jpg 170w, https:\/\/urbenag.ch\/wp-content\/uploads\/2019\/01\/miele-backofen-klein-150x150.jpg 150w, https:\/\/urbenag.ch\/wp-content\/uploads\/2019\/01\/miele-backofen-klein-125x125.jpg 125w\" sizes=\"auto, (max-width: 170px) 100vw, 170px\" \/><\/figure><\/div>\n\n\n\n<div class=\"wp-block-uagb-advanced-heading uagb-block-0aeab1b6\" id=\"uagb-adv-heading-68a92af9-f1e8-40e8-a122-18263fa56f6c\"><h2 class=\"uagb-heading-text\" id=\"wa-kaufen\">Acheter un four ou un steamer<\/h2><p class=\"uagb-desc-text\"><\/p><\/div>\n\n\n\n<h4 class=\"wp-block-heading\">Conseils d&#8217;achat<\/h4>\n\n\n\n<p>Les questions suivantes devraient faciliter la d\u00e9cision d&#8217;achat :<\/p>\n\n\n\n<p><strong>Dur\u00e9e de vie attendue de la machine<\/strong><br\/>Un four de haute qualit\u00e9 devrait d\u00e9j\u00e0 cuire pendant 15 ans.<\/p>\n\n\n\n<p><strong>Budget<\/strong><br\/>Les fours sont disponibles \u00e0 partir de 500 francs jusqu&#8217;\u00e0 quelques milliers de francs. Qu&#8217;est-ce que le budget ?<\/p>\n\n\n\n<p><strong>Norme suisse ou norme europ\u00e9enne<\/strong><br\/>Quelle est la largeur de mon four actuel ? Norme suisse (largeur 55 cm) ou norme europ\u00e9enne (largeur 60 cm).  <\/p>\n\n\n\n<p><strong>Fonctions<\/strong><br\/>Si l&#8217;on souhaite des fonctions sp\u00e9ciales, une commande via une application, etc. L&#8217;option Combi-Steamer est \u00e9galement int\u00e9ressante. Cela permet de cuire avec de l&#8217;humidit\u00e9, ce qui donne un pain encore meilleur. Les fabricants proposent toutes sortes de produits utiles.  <\/p>\n\n\n\n<h4 class=\"wp-block-heading\">Marques courantes<\/h4>\n\n\n\n<p>Nous vendons les marques suivantes :<\/p>\n\n\n\n<div class=\"wp-block-columns has-2-columns is-layout-flex wp-container-core-columns-is-layout-28f84493 wp-block-columns-is-layout-flex\">\n<div class=\"wp-block-column is-layout-flow wp-block-column-is-layout-flow\">\n<ul class=\"wp-block-list\"><li>V-Zug<\/li><li>Miele<\/li><li>Electrolux<\/li><\/ul>\n<\/div>\n\n\n\n<div class=\"wp-block-column is-layout-flow wp-block-column-is-layout-flow\">\n<ul class=\"wp-block-list\"><li>Bosch<\/li><li>Siemens<\/li><li>AEG<\/li><\/ul>\n<\/div>\n<\/div>\n\n\n\n<p class=\"has-text-color has-background has-medium-font-size\" style=\"background-color:#ee4224;color:#ffffff\">Ich m\u00f6chte Beratung durch eine Fachperson. Kontaktiere uns via Telefon <a class=\"rank-math-link tel\" href=\"tel:0629616220\">062 961 62 20<\/a> oder E-mail <a href=\"mailto:service@urbenag.ch\"><\/a><a href=\"mailto:info@urbenag.ch\" class=\"rank-math-link\">info@urbenag.ch<\/a> oder kommst bei uns vorbei.<\/p>\n<\/div><\/section>\n","protected":false},"excerpt":{"rendered":"","protected":false},"author":1,"featured_media":0,"parent":8126,"menu_order":0,"comment_status":"closed","ping_status":"closed","template":"","meta":{"_uag_custom_page_level_css":"","site-sidebar-layout":"no-sidebar","site-content-layout":"page-builder","ast-site-content-layout":"default","site-content-style":"default","site-sidebar-style":"default","ast-global-header-display":"","ast-banner-title-visibility":"","ast-main-header-display":"","ast-hfb-above-header-display":"","ast-hfb-below-header-display":"","ast-hfb-mobile-header-display":"","site-post-title":"disabled","ast-breadcrumbs-content":"","ast-featured-img":"disabled","footer-sml-layout":"","ast-disable-related-posts":"","theme-transparent-header-meta":"default","adv-header-id-meta":"","stick-header-meta":"","header-above-stick-meta":"","header-main-stick-meta":"","header-below-stick-meta":"","astra-migrate-meta-layouts":"default","ast-page-background-enabled":"default","ast-page-background-meta":{"desktop":{"background-color":"","background-image":"","background-repeat":"repeat","background-position":"center center","background-size":"auto","background-attachment":"scroll","background-type":"","background-media":"","overlay-type":"","overlay-color":"","overlay-opacity":"","overlay-gradient":""},"tablet":{"background-color":"","background-image":"","background-repeat":"repeat","background-position":"center center","background-size":"auto","background-attachment":"scroll","background-type":"","background-media":"","overlay-type":"","overlay-color":"","overlay-opacity":"","overlay-gradient":""},"mobile":{"background-color":"","background-image":"","background-repeat":"repeat","background-position":"center center","background-size":"auto","background-attachment":"scroll","background-type":"","background-media":"","overlay-type":"","overlay-color":"","overlay-opacity":"","overlay-gradient":""}},"ast-content-background-meta":{"desktop":{"background-color":"var(--ast-global-color-5)","background-image":"","background-repeat":"repeat","background-position":"center center","background-size":"auto","background-attachment":"scroll","background-type":"","background-media":"","overlay-type":"","overlay-color":"","overlay-opacity":"","overlay-gradient":""},"tablet":{"background-color":"var(--ast-global-color-5)","background-image":"","background-repeat":"repeat","background-position":"center center","background-size":"auto","background-attachment":"scroll","background-type":"","background-media":"","overlay-type":"","overlay-color":"","overlay-opacity":"","overlay-gradient":""},"mobile":{"background-color":"var(--ast-global-color-5)","background-image":"","background-repeat":"repeat","background-position":"center center","background-size":"auto","background-attachment":"scroll","background-type":"","background-media":"","overlay-type":"","overlay-color":"","overlay-opacity":"","overlay-gradient":""}},"footnotes":""},"class_list":["post-8121","page","type-page","status-publish","hentry"],"uagb_featured_image_src":{"full":false,"thumbnail":false,"medium":false,"medium_large":false,"large":false,"1536x1536":false,"2048x2048":false},"uagb_author_info":{"display_name":"Raphael","author_link":"https:\/\/urbenag.ch\/fr\/author\/rapsli\/"},"uagb_comment_info":0,"uagb_excerpt":null,"_links":{"self":[{"href":"https:\/\/urbenag.ch\/fr\/wp-json\/wp\/v2\/pages\/8121","targetHints":{"allow":["GET"]}}],"collection":[{"href":"https:\/\/urbenag.ch\/fr\/wp-json\/wp\/v2\/pages"}],"about":[{"href":"https:\/\/urbenag.ch\/fr\/wp-json\/wp\/v2\/types\/page"}],"author":[{"embeddable":true,"href":"https:\/\/urbenag.ch\/fr\/wp-json\/wp\/v2\/users\/1"}],"replies":[{"embeddable":true,"href":"https:\/\/urbenag.ch\/fr\/wp-json\/wp\/v2\/comments?post=8121"}],"version-history":[{"count":0,"href":"https:\/\/urbenag.ch\/fr\/wp-json\/wp\/v2\/pages\/8121\/revisions"}],"up":[{"embeddable":true,"href":"https:\/\/urbenag.ch\/fr\/wp-json\/wp\/v2\/pages\/8126"}],"wp:attachment":[{"href":"https:\/\/urbenag.ch\/fr\/wp-json\/wp\/v2\/media?parent=8121"}],"curies":[{"name":"wp","href":"https:\/\/api.w.org\/{rel}","templated":true}]}}