{"id":8117,"date":"2013-10-10T14:37:51","date_gmt":"2013-10-10T12:37:51","guid":{"rendered":"https:\/\/urbenag.ch\/portrait\/"},"modified":"2026-01-12T09:26:21","modified_gmt":"2026-01-12T08:26:21","slug":"portrait","status":"publish","type":"page","link":"https:\/\/urbenag.ch\/fr\/portrait\/","title":{"rendered":"Portrait"},"content":{"rendered":"\n<section class=\"wp-block-uagb-section uagb-section__wrap uagb-section__background-image uagb-block-c6be2db1\"><div class=\"uagb-section__overlay\"><\/div><div class=\"uagb-section__inner-wrap\">\n<div class=\"wp-block-uagb-advanced-heading uagb-block-2ccf9211\" id=\"uagb-adv-heading-c9c03e4a-1589-4694-901c-8a9588b002f0\"><h1 class=\"uagb-heading-text\">Une \u00e9quipe de choc<\/h1><p class=\"uagb-desc-text\">Pr\u00eat pour toi<\/p><\/div>\n<\/div><\/section>\n\n<section class=\"wp-block-uagb-section uagb-section__wrap uagb-section__background-undefined uagb-block-43599307\"><div class=\"uagb-section__overlay\"><\/div><div class=\"uagb-section__inner-wrap\">\n<p>La soci\u00e9t\u00e9 Urben AG existe depuis 1985 et est dirig\u00e9e par les fr\u00e8res Sven et Raphael Sch\u00e4r.<\/p>\n\n\n\n<section class=\"wp-block-uagb-columns uagb-columns__wrap uagb-columns__background-none uagb-columns__stack-mobile uagb-columns__valign- uagb-columns__gap-10 align uagb-block-5a03126c uagb-columns__columns-2 uagb-columns__max_width-theme\"><div class=\"uagb-columns__overlay\"><\/div><div class=\"uagb-columns__inner-wrap uagb-columns__columns-2\">\n<div class=\"wp-block-uagb-column uagb-column__wrap uagb-column__background-undefined uagb-column__align-left uagb-block-33310a25\"><div class=\"uagb-column__overlay\"><\/div>\n<figure class=\"wp-block-image size-full\"><a href=\"https:\/\/urbenag.ch\/wp-content\/uploads\/2023\/03\/u-sven.jpg\"><img loading=\"lazy\" decoding=\"async\" width=\"600\" height=\"600\" src=\"https:\/\/urbenag.ch\/wp-content\/uploads\/2023\/03\/u-sven.jpg\" alt=\"\" class=\"wp-image-7729\" srcset=\"https:\/\/urbenag.ch\/wp-content\/uploads\/2023\/03\/u-sven.jpg 600w, https:\/\/urbenag.ch\/wp-content\/uploads\/2023\/03\/u-sven-300x300.jpg 300w, https:\/\/urbenag.ch\/wp-content\/uploads\/2023\/03\/u-sven-150x150.jpg 150w\" sizes=\"auto, (max-width: 600px) 100vw, 600px\" \/><\/a><\/figure>\n<\/div>\n\n\n\n<div class=\"wp-block-uagb-column uagb-column__wrap uagb-column__background-undefined uagb-block-296adf95\"><div class=\"uagb-column__overlay\"><\/div>\n<div class=\"wp-block-uagb-advanced-heading uagb-block-a8205f86\" id=\"uagb-adv-heading-382eac8e-4356-4283-ac5e-2b38e12316cc\"><h3 class=\"uagb-heading-text\">Sven Sch\u00e4r<\/h3><p class=\"uagb-desc-text\">Propri\u00e9taire et directeur du site de Herzogenbuchsee<\/p><\/div>\n\n\n\n<p>D\u00e9rangements, probl\u00e8mes ou id\u00e9es. Avec sa longue exp\u00e9rience de l&#8217;\u00e9lectricit\u00e9, il trouvera certainement une solution. Et lorsqu&#8217;il ne travaille pas, il prend plaisir \u00e0 faire du sport ou des activit\u00e9s en famille.  <\/p>\n<\/div>\n<\/div><\/section>\n\n\n\n<hr class=\"wp-block-separator has-css-opacity\"\/>\n\n\n\n<section class=\"wp-block-uagb-columns uagb-columns__wrap uagb-columns__background-none uagb-columns__stack-mobile uagb-columns__valign- uagb-columns__gap-10 align uagb-block-fddb7dcc uagb-columns__columns-2 uagb-columns__max_width-theme\"><div class=\"uagb-columns__overlay\"><\/div><div class=\"uagb-columns__inner-wrap uagb-columns__columns-2\">\n<div class=\"wp-block-uagb-column uagb-column__wrap uagb-column__background-undefined uagb-column__align-left uagb-block-19d46046\"><div class=\"uagb-column__overlay\"><\/div>\n<figure class=\"wp-block-image size-medium\"><a href=\"https:\/\/urbenag.ch\/wp-content\/uploads\/2024\/03\/daniel-k-scaled.jpg\"><img loading=\"lazy\" decoding=\"async\" width=\"225\" height=\"300\" src=\"https:\/\/urbenag.ch\/wp-content\/uploads\/2024\/03\/daniel-k-225x300.jpg\" alt=\"\" class=\"wp-image-8636\" style=\"aspect-ratio:1;object-fit:cover\" srcset=\"https:\/\/urbenag.ch\/wp-content\/uploads\/2024\/03\/daniel-k-225x300.jpg 225w, https:\/\/urbenag.ch\/wp-content\/uploads\/2024\/03\/daniel-k-768x1024.jpg 768w, https:\/\/urbenag.ch\/wp-content\/uploads\/2024\/03\/daniel-k-1152x1536.jpg 1152w, https:\/\/urbenag.ch\/wp-content\/uploads\/2024\/03\/daniel-k-1536x2048.jpg 1536w, https:\/\/urbenag.ch\/wp-content\/uploads\/2024\/03\/daniel-k-scaled.jpg 1920w\" sizes=\"auto, (max-width: 225px) 100vw, 225px\" \/><\/a><\/figure>\n<\/div>\n\n\n\n<div class=\"wp-block-uagb-column uagb-column__wrap uagb-column__background-undefined uagb-block-2e38b660\"><div class=\"uagb-column__overlay\"><\/div>\n<div class=\"wp-block-uagb-advanced-heading uagb-block-406921c1\" id=\"uagb-adv-heading-7f666238-0e5c-4ade-80ad-5f6b7a549744\"><h3 class=\"uagb-heading-text\">Daniel Klauser<\/h3><p class=\"uagb-desc-text\">Responsable du site de Gunzgen<\/p><\/div>\n\n\n\n<p>Y a-t-il un probl\u00e8me ? Ou des souhaits particuliers ? Daniel k\u00fcmmert sich um die Kunden und das Team in Gunzgen.<\/p>\n<\/div>\n<\/div><\/section>\n\n\n\n<hr class=\"wp-block-separator has-css-opacity\"\/>\n\n\n\n<section class=\"wp-block-uagb-columns uagb-columns__wrap uagb-columns__background-none uagb-columns__stack-mobile uagb-columns__valign- uagb-columns__gap-10 align uagb-block-a081bb0f uagb-columns__columns-2 uagb-columns__max_width-theme\"><div class=\"uagb-columns__overlay\"><\/div><div class=\"uagb-columns__inner-wrap uagb-columns__columns-2\">\n<div class=\"wp-block-uagb-column uagb-column__wrap uagb-column__background-undefined uagb-column__align-left uagb-block-e8a1f458\"><div class=\"uagb-column__overlay\"><\/div>\n<figure class=\"wp-block-image size-full\"><a href=\"https:\/\/urbenag.ch\/wp-content\/uploads\/2023\/03\/u-joel.jpg\"><img loading=\"lazy\" decoding=\"async\" width=\"600\" height=\"600\" src=\"https:\/\/urbenag.ch\/wp-content\/uploads\/2023\/03\/u-joel.jpg\" alt=\"\" class=\"wp-image-7730\" srcset=\"https:\/\/urbenag.ch\/wp-content\/uploads\/2023\/03\/u-joel.jpg 600w, https:\/\/urbenag.ch\/wp-content\/uploads\/2023\/03\/u-joel-300x300.jpg 300w, https:\/\/urbenag.ch\/wp-content\/uploads\/2023\/03\/u-joel-150x150.jpg 150w\" sizes=\"auto, (max-width: 600px) 100vw, 600px\" \/><\/a><\/figure>\n<\/div>\n\n\n\n<div class=\"wp-block-uagb-column uagb-column__wrap uagb-column__background-undefined uagb-block-28d8b43e\"><div class=\"uagb-column__overlay\"><\/div>\n<div class=\"wp-block-uagb-advanced-heading uagb-block-c2908daa\" id=\"uagb-adv-heading-7f666238-0e5c-4ade-80ad-5f6b7a549744\"><h3 class=\"uagb-heading-text\">Joel Capeder<\/h3><p class=\"uagb-desc-text\">Technicien<\/p><\/div>\n\n\n\n<p>L&#8217;appareil fait-il des siennes ? Beaucoup de voyants clignotent ? Ou plus du tout. Joel trouve le probl\u00e8me et le r\u00e9sout.<\/p>\n<\/div>\n<\/div><\/section>\n\n\n\n<hr class=\"wp-block-separator has-css-opacity\"\/>\n\n\n\n<section class=\"wp-block-uagb-columns uagb-columns__wrap uagb-columns__background-none uagb-columns__stack-mobile uagb-columns__valign- uagb-columns__gap-10 align uagb-block-8071df41 uagb-columns__columns-2 uagb-columns__max_width-theme\"><div class=\"uagb-columns__overlay\"><\/div><div class=\"uagb-columns__inner-wrap uagb-columns__columns-2\">\n<div class=\"wp-block-uagb-column uagb-column__wrap uagb-column__background-undefined uagb-column__align-left uagb-block-0b41e782\"><div class=\"uagb-column__overlay\"><\/div>\n<div class=\"wp-block-uagb-image uagb-block-43229eec wp-block-uagb-image--layout-default wp-block-uagb-image--effect-static wp-block-uagb-image--align-none\"><figure class=\"wp-block-uagb-image__figure\"><img decoding=\"async\" srcset=\"https:\/\/urbenag.ch\/wp-content\/uploads\/2023\/11\/Final.jpg ,https:\/\/urbenag.ch\/wp-content\/uploads\/2023\/11\/Final.jpg 780w, https:\/\/urbenag.ch\/wp-content\/uploads\/2023\/11\/Final.jpg 360w\" sizes=\"auto, (max-width: 480px) 150px\" src=\"https:\/\/urbenag.ch\/wp-content\/uploads\/2023\/11\/Final.jpg\" alt=\"robert final\" class=\"uag-image-8579\" width=\"600\" height=\"600\" title=\"\" loading=\"lazy\" role=\"img\"><\/figure><\/div>\n<\/div>\n\n\n\n<div class=\"wp-block-uagb-column uagb-column__wrap uagb-column__background-undefined uagb-block-028f1344\"><div class=\"uagb-column__overlay\"><\/div>\n<div class=\"wp-block-uagb-advanced-heading uagb-block-6ddd02eb\" id=\"uagb-adv-heading-7f666238-0e5c-4ade-80ad-5f6b7a549744\"><h3 class=\"uagb-heading-text\">Robert Liao<\/h3><p class=\"uagb-desc-text\">Responsable du site de Lausanne<\/p><\/div>\n\n\n\n<p>Notre homme en Suisse romande. Dans la r\u00e9gion de Lausanne, il s&#8217;occupe des pannes et de la livraison de nouveaux appareils.<\/p>\n<\/div>\n<\/div><\/section>\n\n\n\n<hr class=\"wp-block-separator has-css-opacity\"\/>\n\n\n\n<section class=\"wp-block-uagb-columns uagb-columns__wrap uagb-columns__background-none uagb-columns__stack-mobile uagb-columns__valign- uagb-columns__gap-10 align uagb-block-4d692522 uagb-columns__columns-2 uagb-columns__max_width-theme\"><div class=\"uagb-columns__overlay\"><\/div><div class=\"uagb-columns__inner-wrap uagb-columns__columns-2\">\n<div class=\"wp-block-uagb-column uagb-column__wrap uagb-column__background-undefined uagb-column__align-left uagb-block-7e0f77f1\"><div class=\"uagb-column__overlay\"><\/div>\n<figure class=\"wp-block-image size-full\"><a href=\"https:\/\/urbenag.ch\/wp-content\/uploads\/2023\/03\/u-raphael.jpg\"><img loading=\"lazy\" decoding=\"async\" width=\"600\" height=\"600\" src=\"https:\/\/urbenag.ch\/wp-content\/uploads\/2023\/03\/u-raphael.jpg\" alt=\"\" class=\"wp-image-7731\" srcset=\"https:\/\/urbenag.ch\/wp-content\/uploads\/2023\/03\/u-raphael.jpg 600w, https:\/\/urbenag.ch\/wp-content\/uploads\/2023\/03\/u-raphael-300x300.jpg 300w, https:\/\/urbenag.ch\/wp-content\/uploads\/2023\/03\/u-raphael-150x150.jpg 150w\" sizes=\"auto, (max-width: 600px) 100vw, 600px\" \/><\/a><\/figure>\n<\/div>\n\n\n\n<div class=\"wp-block-uagb-column uagb-column__wrap uagb-column__background-undefined uagb-block-aa4d8bc4\"><div class=\"uagb-column__overlay\"><\/div>\n<div class=\"wp-block-uagb-advanced-heading uagb-block-849935be\" id=\"uagb-adv-heading-08e041fe-daf8-4181-bbab-5a43e5182d17\"><h3 class=\"uagb-heading-text\">Raphael Sch\u00e4r<\/h3><p class=\"uagb-desc-text\">Propri\u00e9taire, IT &amp; Marketing<\/p><\/div>\n\n\n\n<p>Que se passe-t-il aujourd&#8217;hui sans ordinateur ? Rapha\u00ebl s&#8217;occupe avec amour de ces petites bo\u00eetes grises et veille \u00e0 ce qu&#8217;elles ne nous causent pas que des ennuis, mais nous simplifient la vie.<\/p>\n<\/div>\n<\/div><\/section>\n\n\n\n<hr class=\"wp-block-separator has-css-opacity\"\/>\n\n\n\n<section class=\"wp-block-uagb-columns uagb-columns__wrap uagb-columns__background-none uagb-columns__stack-mobile uagb-columns__valign- uagb-columns__gap-10 align uagb-block-7a540cc5 uagb-columns__columns-2 uagb-columns__max_width-theme\"><div class=\"uagb-columns__overlay\"><\/div><div class=\"uagb-columns__inner-wrap uagb-columns__columns-2\">\n<div class=\"wp-block-uagb-column uagb-column__wrap uagb-column__background-undefined uagb-column__align-left uagb-block-daafc2ac\"><div class=\"uagb-column__overlay\"><\/div>\n<figure class=\"wp-block-image size-full\"><a href=\"https:\/\/urbenag.ch\/wp-content\/uploads\/2023\/03\/u-sylvia.jpg\"><img loading=\"lazy\" decoding=\"async\" width=\"600\" height=\"600\" src=\"https:\/\/urbenag.ch\/wp-content\/uploads\/2023\/03\/u-sylvia.jpg\" alt=\"\" class=\"wp-image-7732\" srcset=\"https:\/\/urbenag.ch\/wp-content\/uploads\/2023\/03\/u-sylvia.jpg 600w, https:\/\/urbenag.ch\/wp-content\/uploads\/2023\/03\/u-sylvia-300x300.jpg 300w, https:\/\/urbenag.ch\/wp-content\/uploads\/2023\/03\/u-sylvia-150x150.jpg 150w\" sizes=\"auto, (max-width: 600px) 100vw, 600px\" \/><\/a><\/figure>\n<\/div>\n\n\n\n<div class=\"wp-block-uagb-column uagb-column__wrap uagb-column__background-undefined uagb-block-259231ac\"><div class=\"uagb-column__overlay\"><\/div>\n<div class=\"wp-block-uagb-advanced-heading uagb-block-9eb6507c\" id=\"uagb-adv-heading-40261196-3a3e-45db-bf6c-a58499af6826\"><h3 class=\"uagb-heading-text\">Sylvia Ryser<\/h3><p class=\"uagb-desc-text\">STV Standortleiter<\/p><\/div>\n\n\n\n<p>  Pr\u00e9sent depuis des d\u00e9cennies, il est le visage connu et comp\u00e9tent de l&#8217;entreprise. Elle conna\u00eet parfaitement nos appareils et te conseillera volontiers pour un nouveau lave-linge, une machine \u00e0 caf\u00e9, un s\u00e8che-linge, un r\u00e9frig\u00e9rateur, un cong\u00e9lateur ou un lave-vaisselle.  <\/p>\n<\/div>\n<\/div><\/section>\n\n\n\n<hr class=\"wp-block-separator has-css-opacity\"\/>\n\n\n\n<section class=\"wp-block-uagb-columns uagb-columns__wrap uagb-columns__background-none uagb-columns__stack-mobile uagb-columns__valign- uagb-columns__gap-10 align uagb-block-31de09af uagb-columns__columns-2 uagb-columns__max_width-theme\"><div class=\"uagb-columns__overlay\"><\/div><div class=\"uagb-columns__inner-wrap uagb-columns__columns-2\">\n<div class=\"wp-block-uagb-column uagb-column__wrap uagb-column__background-undefined uagb-column__align-left uagb-block-52240704\"><div class=\"uagb-column__overlay\"><\/div>\n<figure class=\"wp-block-image size-full\"><a href=\"https:\/\/urbenag.ch\/wp-content\/uploads\/2023\/03\/u-frank.jpg\"><img loading=\"lazy\" decoding=\"async\" width=\"600\" height=\"600\" src=\"https:\/\/urbenag.ch\/wp-content\/uploads\/2023\/03\/u-frank.jpg\" alt=\"\" class=\"wp-image-7733\" srcset=\"https:\/\/urbenag.ch\/wp-content\/uploads\/2023\/03\/u-frank.jpg 600w, https:\/\/urbenag.ch\/wp-content\/uploads\/2023\/03\/u-frank-300x300.jpg 300w, https:\/\/urbenag.ch\/wp-content\/uploads\/2023\/03\/u-frank-150x150.jpg 150w\" sizes=\"auto, (max-width: 600px) 100vw, 600px\" \/><\/a><\/figure>\n<\/div>\n\n\n\n<div class=\"wp-block-uagb-column uagb-column__wrap uagb-column__background-undefined uagb-block-b08a4245\"><div class=\"uagb-column__overlay\"><\/div>\n<div class=\"wp-block-uagb-advanced-heading uagb-block-d3bb3d30\" id=\"uagb-adv-heading-9fe1afc8-44c6-42b4-b420-b81a3b1c8e52\"><h3 class=\"uagb-heading-text\">Frank Baumann<\/h3><p class=\"uagb-desc-text\">M. Appareils Installer<\/p><\/div>\n\n\n\n<p>Que ce soit dans la cave, la cuisine ou la salle de bain, qu&#8217;il soit standard ou exceptionnel, Frank s&#8217;assure que chaque appareil trouve sa place.<\/p>\n<\/div>\n<\/div><\/section>\n\n\n\n<hr class=\"wp-block-separator has-css-opacity\"\/>\n\n\n\n<section class=\"wp-block-uagb-columns uagb-columns__wrap uagb-columns__background-none uagb-columns__stack-mobile uagb-columns__valign- uagb-columns__gap-10 align uagb-block-e0fc1ed4 uagb-columns__columns-2 uagb-columns__max_width-theme\"><div class=\"uagb-columns__overlay\"><\/div><div class=\"uagb-columns__inner-wrap uagb-columns__columns-2\">\n<div class=\"wp-block-uagb-column uagb-column__wrap uagb-column__background-undefined uagb-column__align-left uagb-block-4f5fd87a\"><div class=\"uagb-column__overlay\"><\/div>\n<figure class=\"wp-block-image size-full\"><a href=\"https:\/\/urbenag.ch\/wp-content\/uploads\/2023\/03\/u-josh.jpg\"><img loading=\"lazy\" decoding=\"async\" width=\"600\" height=\"600\" src=\"https:\/\/urbenag.ch\/wp-content\/uploads\/2023\/03\/u-josh.jpg\" alt=\"\" class=\"wp-image-7735\" srcset=\"https:\/\/urbenag.ch\/wp-content\/uploads\/2023\/03\/u-josh.jpg 600w, https:\/\/urbenag.ch\/wp-content\/uploads\/2023\/03\/u-josh-300x300.jpg 300w, https:\/\/urbenag.ch\/wp-content\/uploads\/2023\/03\/u-josh-150x150.jpg 150w\" sizes=\"auto, (max-width: 600px) 100vw, 600px\" \/><\/a><\/figure>\n<\/div>\n\n\n\n<div class=\"wp-block-uagb-column uagb-column__wrap uagb-column__background-undefined uagb-block-4cab0432\"><div class=\"uagb-column__overlay\"><\/div>\n<div class=\"wp-block-uagb-advanced-heading uagb-block-bfbaecbf\" id=\"uagb-adv-heading-7f666238-0e5c-4ade-80ad-5f6b7a549744\"><h3 class=\"uagb-heading-text\">Joshua Bader<\/h3><p class=\"uagb-desc-text\">M. Perturbations<\/p><\/div>\n\n\n\n<p>C&#8217;est l&#8217;homme que l&#8217;on appelle lorsque la machine \u00e0 laver fait soudain du bruit ou que le lave-vaisselle clignote et \u00e9met des bips. Que ce soit Miele, Schulthess, V-Zug ou parfois quelque chose de plus exotique. Ce n&#8217;est pas un probl\u00e8me.<\/p>\n<\/div>\n<\/div><\/section>\n\n\n\n<hr class=\"wp-block-separator has-css-opacity\"\/>\n\n\n\n<section class=\"wp-block-uagb-columns uagb-columns__wrap uagb-columns__background-none uagb-columns__stack-mobile uagb-columns__valign- uagb-columns__gap-10 align uagb-block-13fc9d35 uagb-columns__columns-2 uagb-columns__max_width-theme\"><div class=\"uagb-columns__overlay\"><\/div><div class=\"uagb-columns__inner-wrap uagb-columns__columns-2\">\n<div class=\"wp-block-uagb-column uagb-column__wrap uagb-column__background-undefined uagb-column__align-left uagb-block-0e4382b4\"><div class=\"uagb-column__overlay\"><\/div>\n<figure class=\"wp-block-gallery has-nested-images columns-default is-cropped wp-block-gallery-1 is-layout-flex wp-block-gallery-is-layout-flex\">\n<figure class=\"wp-block-image size-full\"><a href=\"https:\/\/urbenag.ch\/wp-content\/uploads\/2025\/10\/Bozi.jpg\"><img loading=\"lazy\" decoding=\"async\" width=\"600\" height=\"600\" data-id=\"8842\" src=\"https:\/\/urbenag.ch\/wp-content\/uploads\/2025\/10\/Bozi.jpg\" alt=\"\" class=\"wp-image-8842\" srcset=\"https:\/\/urbenag.ch\/wp-content\/uploads\/2025\/10\/Bozi.jpg 600w, https:\/\/urbenag.ch\/wp-content\/uploads\/2025\/10\/Bozi-300x300.jpg 300w, https:\/\/urbenag.ch\/wp-content\/uploads\/2025\/10\/Bozi-150x150.jpg 150w\" sizes=\"auto, (max-width: 600px) 100vw, 600px\" \/><\/a><\/figure>\n<\/figure>\n<\/div>\n\n\n\n<div class=\"wp-block-uagb-column uagb-column__wrap uagb-column__background-undefined uagb-block-58a68c10\"><div class=\"uagb-column__overlay\"><\/div>\n<div class=\"wp-block-uagb-advanced-heading uagb-block-cf8e53ab\" id=\"uagb-adv-heading-7f666238-0e5c-4ade-80ad-5f6b7a549744\"><h3 class=\"uagb-heading-text\">Bozidar Preglej<\/h3><p class=\"uagb-desc-text\">Technicien &amp; installateur<\/p><\/div>\n\n\n\n<p>Bozi est l&#8217;homme de la situation. Gr\u00e2ce \u00e0 son savoir-faire technique et \u00e0 sa rapidit\u00e9 de compr\u00e9hension, il r\u00e9sout tous les probl\u00e8mes, de la machine \u00e0 laver au four.<\/p>\n<\/div>\n<\/div><\/section>\n\n\n\n<hr class=\"wp-block-separator has-css-opacity\"\/>\n\n\n\n<section class=\"wp-block-uagb-columns uagb-columns__wrap uagb-columns__background-none uagb-columns__stack-mobile uagb-columns__valign- uagb-columns__gap-10 align uagb-block-9b2bca0e uagb-columns__columns-2 uagb-columns__max_width-theme\"><div class=\"uagb-columns__overlay\"><\/div><div class=\"uagb-columns__inner-wrap uagb-columns__columns-2\">\n<div class=\"wp-block-uagb-column uagb-column__wrap uagb-column__background-undefined uagb-column__align-left uagb-block-a9e37b5a\"><div class=\"uagb-column__overlay\"><\/div>\n<figure class=\"wp-block-image size-full\"><a href=\"https:\/\/urbenag.ch\/wp-content\/uploads\/2023\/04\/christine.jpg\"><img loading=\"lazy\" decoding=\"async\" width=\"600\" height=\"600\" src=\"https:\/\/urbenag.ch\/wp-content\/uploads\/2023\/04\/christine.jpg\" alt=\"\" class=\"wp-image-7754\" srcset=\"https:\/\/urbenag.ch\/wp-content\/uploads\/2023\/04\/christine.jpg 600w, https:\/\/urbenag.ch\/wp-content\/uploads\/2023\/04\/christine-300x300.jpg 300w, https:\/\/urbenag.ch\/wp-content\/uploads\/2023\/04\/christine-150x150.jpg 150w\" sizes=\"auto, (max-width: 600px) 100vw, 600px\" \/><\/a><\/figure>\n<\/div>\n\n\n\n<div class=\"wp-block-uagb-column uagb-column__wrap uagb-column__background-undefined uagb-block-18cda230\"><div class=\"uagb-column__overlay\"><\/div>\n<div class=\"wp-block-uagb-advanced-heading uagb-block-11b7650c\" id=\"uagb-adv-heading-74722070-040d-4f39-903d-131816f6ddd3\"><h3 class=\"uagb-heading-text\">Christine Kr\u00e4uchi<\/h3><p class=\"uagb-desc-text\">Femme pour les factures<\/p><\/div>\n\n\n\n<p>A peine visible et pourtant tr\u00e8s importante, elle s&#8217;assure que tout est en ordre avec les livres.<\/p>\n<\/div>\n<\/div><\/section>\n<\/div><\/section>\n\n<p class=\"has-text-align-center has-text-color has-background has-medium-font-size\" style=\"background-color:#ee4224;color:#ffffff\">J&#8217;ai besoin d&#8217;un sp\u00e9cialiste.  <br\/>Contacte-nous par t\u00e9l\u00e9phone <a href=\"tel:077 277 71 43\" class=\"tel\">au 077 277 71 43<\/a> ou par e-mail <a href=\"mailto:service@urbenag.ch\">\u00e0 l&#8217;adresse service@urbenag.ch.<\/a><\/p>\n\n<hr class=\"wp-block-separator has-css-opacity\"\/>\n\n<section class=\"wp-block-uagb-section uagb-section__wrap uagb-section__background-undefined uagb-block-51abae63\"><div class=\"uagb-section__overlay\"><\/div><div class=\"uagb-section__inner-wrap\">\n<p>L&#8217;histoire ne se r\u00e9sume pas toujours \u00e0 d&#8217;anciennes grandes batailles, \u00e0 des conflits religieux et \u00e0 de grandes r\u00e9alisations. Non, c&#8217;est notre histoire. L&#8217;histoire d&#8217;Urben AG ou quelques faits marquants :<\/p>\n\n\n\n<figure class=\"wp-block-table\"><table><tbody><tr><td>1984<\/td><td>Fondation de la soci\u00e9t\u00e9 Urben AG par Ulrich Urben<\/td><\/tr><tr><td>1995<\/td><td>Urben AG s&#8217;installe dans le b\u00e2timent situ\u00e9 sur le site de G\u00e4rbi \u00e0 Nieder\u00f6nz.  <\/td><\/tr><tr><td>1999<\/td><td>Urben AG ouvre son studio de cuisine, qui est \u00e9galement tr\u00e8s utilis\u00e9 pour les cours de cuisine.<\/td><\/tr><tr><td>2000<\/td><td>Le chef Nik Gygax, 18 points, cuisine dans la premi\u00e8re cuisine d&#8217;exposition lors d&#8217;une exposition commerciale.<\/td><\/tr><tr><td>2018<\/td><td>Reprise d&#8217;Urben AG par Sven et Raphael Sch\u00e4r<\/td><\/tr><tr><td>2020<\/td><td>D\u00e9m\u00e9nagement du terrain aventureux de G\u00e4rbi \u00e0 Nieder\u00f6nz \u00e0 la Bitziusstrasse \u00e0 Herzogenbuchsee. Les petits enfants ont ador\u00e9 le confort de l&#8217;ascenseur et vont le regretter.<\/td><\/tr><tr><td>2023<\/td><td>Rachat de Techtronic. D\u00e8s \u00e0 pr\u00e9sent, Urben AG est \u00e9galement pr\u00e9sent \u00e0 Gunzgen.<\/td><\/tr><\/tbody><\/table><\/figure>\n<\/div><\/section>\n\n<p><\/p>\n","protected":false},"excerpt":{"rendered":"","protected":false},"author":1,"featured_media":7936,"parent":0,"menu_order":0,"comment_status":"closed","ping_status":"closed","template":"","meta":{"_uag_custom_page_level_css":"","site-sidebar-layout":"no-sidebar","site-content-layout":"page-builder","ast-site-content-layout":"full-width-container","site-content-style":"unboxed","site-sidebar-style":"unboxed","ast-global-header-display":"","ast-banner-title-visibility":"","ast-main-header-display":"","ast-hfb-above-header-display":"","ast-hfb-below-header-display":"","ast-hfb-mobile-header-display":"","site-post-title":"disabled","ast-breadcrumbs-content":"","ast-featured-img":"disabled","footer-sml-layout":"","ast-disable-related-posts":"","theme-transparent-header-meta":"default","adv-header-id-meta":"","stick-header-meta":"","header-above-stick-meta":"","header-main-stick-meta":"","header-below-stick-meta":"","astra-migrate-meta-layouts":"default","ast-page-background-enabled":"default","ast-page-background-meta":{"desktop":{"background-color":"","background-image":"","background-repeat":"repeat","background-position":"center center","background-size":"auto","background-attachment":"scroll","background-type":"","background-media":"","overlay-type":"","overlay-color":"","overlay-opacity":"","overlay-gradient":""},"tablet":{"background-color":"","background-image":"","background-repeat":"repeat","background-position":"center center","background-size":"auto","background-attachment":"scroll","background-type":"","background-media":"","overlay-type":"","overlay-color":"","overlay-opacity":"","overlay-gradient":""},"mobile":{"background-color":"","background-image":"","background-repeat":"repeat","background-position":"center center","background-size":"auto","background-attachment":"scroll","background-type":"","background-media":"","overlay-type":"","overlay-color":"","overlay-opacity":"","overlay-gradient":""}},"ast-content-background-meta":{"desktop":{"background-color":"var(--ast-global-color-5)","background-image":"","background-repeat":"repeat","background-position":"center center","background-size":"auto","background-attachment":"scroll","background-type":"","background-media":"","overlay-type":"","overlay-color":"","overlay-opacity":"","overlay-gradient":""},"tablet":{"background-color":"var(--ast-global-color-5)","background-image":"","background-repeat":"repeat","background-position":"center center","background-size":"auto","background-attachment":"scroll","background-type":"","background-media":"","overlay-type":"","overlay-color":"","overlay-opacity":"","overlay-gradient":""},"mobile":{"background-color":"var(--ast-global-color-5)","background-image":"","background-repeat":"repeat","background-position":"center center","background-size":"auto","background-attachment":"scroll","background-type":"","background-media":"","overlay-type":"","overlay-color":"","overlay-opacity":"","overlay-gradient":""}},"footnotes":""},"class_list":["post-8117","page","type-page","status-publish","has-post-thumbnail","hentry"],"uagb_featured_image_src":{"full":["https:\/\/urbenag.ch\/wp-content\/uploads\/2019\/06\/helena-lopes-459331-unsplash.jpg",1500,1000,false],"thumbnail":["https:\/\/urbenag.ch\/wp-content\/uploads\/2019\/06\/helena-lopes-459331-unsplash-150x150.jpg",150,150,true],"medium":["https:\/\/urbenag.ch\/wp-content\/uploads\/2019\/06\/helena-lopes-459331-unsplash-300x200.jpg",300,200,true],"medium_large":["https:\/\/urbenag.ch\/wp-content\/uploads\/2019\/06\/helena-lopes-459331-unsplash-768x512.jpg",768,512,true],"large":["https:\/\/urbenag.ch\/wp-content\/uploads\/2019\/06\/helena-lopes-459331-unsplash-1024x683.jpg",1024,683,true],"1536x1536":["https:\/\/urbenag.ch\/wp-content\/uploads\/2019\/06\/helena-lopes-459331-unsplash.jpg",1500,1000,false],"2048x2048":["https:\/\/urbenag.ch\/wp-content\/uploads\/2019\/06\/helena-lopes-459331-unsplash.jpg",1500,1000,false]},"uagb_author_info":{"display_name":"Raphael","author_link":"https:\/\/urbenag.ch\/fr\/author\/rapsli\/"},"uagb_comment_info":0,"uagb_excerpt":null,"_links":{"self":[{"href":"https:\/\/urbenag.ch\/fr\/wp-json\/wp\/v2\/pages\/8117","targetHints":{"allow":["GET"]}}],"collection":[{"href":"https:\/\/urbenag.ch\/fr\/wp-json\/wp\/v2\/pages"}],"about":[{"href":"https:\/\/urbenag.ch\/fr\/wp-json\/wp\/v2\/types\/page"}],"author":[{"embeddable":true,"href":"https:\/\/urbenag.ch\/fr\/wp-json\/wp\/v2\/users\/1"}],"replies":[{"embeddable":true,"href":"https:\/\/urbenag.ch\/fr\/wp-json\/wp\/v2\/comments?post=8117"}],"version-history":[{"count":5,"href":"https:\/\/urbenag.ch\/fr\/wp-json\/wp\/v2\/pages\/8117\/revisions"}],"predecessor-version":[{"id":8878,"href":"https:\/\/urbenag.ch\/fr\/wp-json\/wp\/v2\/pages\/8117\/revisions\/8878"}],"wp:featuredmedia":[{"embeddable":true,"href":"https:\/\/urbenag.ch\/fr\/wp-json\/wp\/v2\/media\/7936"}],"wp:attachment":[{"href":"https:\/\/urbenag.ch\/fr\/wp-json\/wp\/v2\/media?parent=8117"}],"curies":[{"name":"wp","href":"https:\/\/api.w.org\/{rel}","templated":true}]}}