{"id":8115,"date":"2019-05-02T07:07:44","date_gmt":"2019-05-02T05:07:44","guid":{"rendered":"https:\/\/urbenag.ch\/service-et-reparation-pour-lave-vaisselle\/"},"modified":"2023-08-28T21:31:56","modified_gmt":"2023-08-28T19:31:56","slug":"service-et-reparation-pour-lave-vaisselle","status":"publish","type":"page","link":"https:\/\/urbenag.ch\/fr\/produits-et-services\/service-et-reparation-pour-lave-vaisselle\/","title":{"rendered":"Service et r\u00e9paration pour lave-vaisselle"},"content":{"rendered":"\n<div class=\"wp-block-columns has-2-columns is-layout-flex wp-container-core-columns-is-layout-28f84493 wp-block-columns-is-layout-flex\">\n<div class=\"wp-block-column is-layout-flow wp-block-column-is-layout-flow\">\n<p class=\"has-very-dark-gray-color has-very-light-gray-background-color has-text-color has-background has-medium-font-size\">La vaisselle ne devient pas propre !<\/p>\n\n\n\n<p class=\"has-very-dark-gray-color has-very-light-gray-background-color has-text-color has-background has-medium-font-size\">De l&#8217;eau s&#8217;\u00e9coule du lave-vaisselle !<\/p>\n\n\n\n<p class=\"has-very-light-gray-background-color has-background has-medium-font-size\">L&#8217;eau n&#8217;est plus pomp\u00e9e ?<\/p>\n\n\n\n<p class=\"has-very-light-gray-background-color has-background has-medium-font-size\">Affiche-t-elle des codes d&#8217;erreur incompr\u00e9hensibles ?<\/p>\n\n\n\n<div style=\"height:43px\" aria-hidden=\"true\" class=\"wp-block-spacer\"><\/div>\n\n\n\n<p class=\"has-text-align-center has-very-light-gray-color has-text-color has-background has-medium-font-size\" style=\"background-color:#00ac50\"><strong>Nous parlons le langage du lave-vaisselle. Il suffit d&#8217;appeler :<br\/><br\/><a href=\"tel:077 277 71 43\">077 277 71 43  <\/a><\/strong><a href=\"tel:077 277 71 43\"><br\/><\/a><small>Notre service de r\u00e9paration est pr\u00eat.<\/small><\/p>\n\n\n\n<p> <a href=\"mailto:service@urbenag.ch\">Ou par e-mail<\/a>.<\/p>\n\n\n\n<h2 class=\"wp-block-heading\">Les avantages<\/h2>\n\n\n\n<p class=\"has-very-light-gray-background-color has-background has-medium-font-size\"><strong>Sur place.<\/strong>  Dans la mesure du possible, nous effectuons la r\u00e9paration imm\u00e9diatement et sur place.<\/p>\n\n\n\n<p class=\"has-very-light-gray-background-color has-background has-medium-font-size\"><strong>\u00c9limination offerte.<\/strong>  Si le lave-linge n&#8217;est plus r\u00e9parable, nous l&#8217;\u00e9liminons gratuitement et offrons un nouvel appareil.<\/p>\n\n\n\n<p class=\"has-very-light-gray-background-color has-background has-medium-font-size\"><strong>Le sp\u00e9cialiste.<\/strong>  Chacun de nos appareils est inspect\u00e9, r\u00e9par\u00e9 et, si n\u00e9cessaire, install\u00e9 par un sp\u00e9cialiste.<\/p>\n\n\n\n<p class=\"has-very-light-gray-background-color has-background has-medium-font-size\"><strong>Toutes les marques.<\/strong>  Que ce soit Miele, Bauknecht, V-Zug, Electrolux ou une autre marque. Nous r\u00e9parons tous les lave-vaisselle.<\/p>\n\n\n\n<h2 class=\"wp-block-heading\">Informations utiles pour la r\u00e9paration<\/h2>\n\n\n\n<p>Pour r\u00e9parer votre lave-vaisselle le plus rapidement possible, les informations suivantes vous seront utiles :<\/p>\n\n\n\n<ul class=\"wp-block-list\"><li>Marque (par ex. V-Zug, Miele, Bauknecht, Electrolux, etc.)<\/li><li>D\u00e9signation du type (p. ex. G 3325-55 SCi etc.)<\/li><li>num\u00e9ro de s\u00e9rie ou num\u00e9ro de type (par ex. num\u00e9ro PNC, num\u00e9ro M, num\u00e9ro S, num\u00e9ro FN)<\/li><li>\u00e9ventuellement un code d&#8217;erreur affich\u00e9 \u00e0 l&#8217;\u00e9cran (par ex. F10, H13, etc.)<\/li><li>Tout au plus des d\u00e9fauts visibles : p. ex : l&#8217;eau s&#8217;\u00e9coule, etc.<\/li><\/ul>\n\n\n\n<p>Un diagnostic \u00e0 distance est souvent difficile, mais avec ces informations, notre technicien de service peut \u00e9ventuellement d\u00e9j\u00e0 apporter des pi\u00e8ces de rechange adapt\u00e9es.<\/p>\n\n\n\n<h2 class=\"wp-block-heading\">Besoin d&#8217;un nouvel appareil ?<\/h2>\n\n\n\n<p>Nous vous offrons volontiers un nouvel appareil. L&#8217;appareil n&#8217;est pas seulement livr\u00e9 \u00e0 votre porte, il est \u00e9galement pr\u00eat \u00e0 l&#8217;emploi.<\/p>\n\n\n\n<p>Gerne beraten wir dich am Telefon oder in unserem Laden oder informier dich auf unserer <a href=\"https:\/\/urbenag.ch\/alles-was-du-ueber-den-geschirrspueler-wissen-willst\/\" class=\"rank-math-link\">Infoseite zum Geschirrsp\u00fcler<\/a>.<\/p>\n<\/div>\n\n\n\n<div class=\"wp-block-column is-layout-flow wp-block-column-is-layout-flow\">\n<figure class=\"wp-block-image\"><img loading=\"lazy\" decoding=\"async\" width=\"474\" height=\"316\" src=\"https:\/\/urbenag.ch\/wp-content\/uploads\/2019\/01\/v-zug-integrierbar.jpg\" alt=\"\" class=\"wp-image-635\" srcset=\"https:\/\/urbenag.ch\/wp-content\/uploads\/2019\/01\/v-zug-integrierbar.jpg 474w, https:\/\/urbenag.ch\/wp-content\/uploads\/2019\/01\/v-zug-integrierbar-300x200.jpg 300w\" sizes=\"auto, (max-width: 474px) 100vw, 474px\" \/><\/figure>\n\n\n<div class=\"wpforms-container wpforms-block\" id=\"wpforms-559\"><form id=\"wpforms-form-559\" class=\"wpforms-validate wpforms-form\" data-formid=\"559\" method=\"post\" enctype=\"multipart\/form-data\" action=\"\/fr\/wp-json\/wp\/v2\/pages\/8115\" data-token=\"b5aed096377bf1f0a1336d05bb678c78\" data-token-time=\"1777883614\"><div class=\"wpforms-head-container\"><div class=\"wpforms-title\">Reparaturanfrage<\/div><div class=\"wpforms-description\">Es stimmt etwas mit dem Haushaltsger\u00e4t nicht. Hinterlass uns m\u00f6glichst detaillierte Angaben und wir werden uns darum k\u00fcmmern.<\/div><\/div><noscript class=\"wpforms-error-noscript\">Veuillez activer JavaScript dans votre navigateur pour remplir ce formulaire.<\/noscript><div class=\"wpforms-field-container\"><div id=\"wpforms-559-field_1-container\" class=\"wpforms-field wpforms-field-name\" data-field-id=\"1\"><label class=\"wpforms-field-label\">Name <span class=\"wpforms-required-label\">*<\/span><\/label><div class=\"wpforms-field-row wpforms-field-medium\"><div class=\"wpforms-field-row-block wpforms-first wpforms-one-half\"><input type=\"text\" id=\"wpforms-559-field_1\" class=\"wpforms-field-name-first wpforms-field-required\" name=\"wpforms[fields][1][first]\" required><label for=\"wpforms-559-field_1\" class=\"wpforms-field-sublabel after\">Pr\u00e9nom<\/label><\/div><div class=\"wpforms-field-row-block wpforms-one-half\"><input type=\"text\" id=\"wpforms-559-field_1-last\" class=\"wpforms-field-name-last wpforms-field-required\" name=\"wpforms[fields][1][last]\" required><label for=\"wpforms-559-field_1-last\" class=\"wpforms-field-sublabel after\">Nom<\/label><\/div><\/div><\/div><div id=\"wpforms-559-field_6-container\" class=\"wpforms-field wpforms-field-textarea\" data-field-id=\"6\"><label class=\"wpforms-field-label\" for=\"wpforms-559-field_6\">Adresse <span class=\"wpforms-required-label\">*<\/span><\/label><textarea id=\"wpforms-559-field_6\" class=\"wpforms-field-small wpforms-field-required\" name=\"wpforms[fields][6]\" required><\/textarea><\/div><div id=\"wpforms-559-field_5-container\" class=\"wpforms-field wpforms-field-text\" data-field-id=\"5\"><label class=\"wpforms-field-label\" for=\"wpforms-559-field_5\">Telefonnummer <span class=\"wpforms-required-label\">*<\/span><\/label><input type=\"text\" id=\"wpforms-559-field_5\" class=\"wpforms-field-medium wpforms-field-required\" name=\"wpforms[fields][5]\" required><\/div><div id=\"wpforms-559-field_7-container\" class=\"wpforms-field wpforms-field-text\" data-field-id=\"7\"><label class=\"wpforms-field-label\" for=\"wpforms-559-field_7\">E-Mail Adresse<\/label><input type=\"text\" id=\"wpforms-559-field_7\" class=\"wpforms-field-medium\" name=\"wpforms[fields][7]\" ><\/div><div id=\"wpforms-559-field_3-container\" class=\"wpforms-field wpforms-field-select\" data-field-id=\"3\"><label class=\"wpforms-field-label\" for=\"wpforms-559-field_3\">Marke<\/label><select id=\"wpforms-559-field_3\" class=\"wpforms-field-medium\" name=\"wpforms[fields][3]\"><option value=\"V-Zug\"  class=\"choice-2 depth-1\"  >V-Zug<\/option><option value=\"Schulthess\"  class=\"choice-3 depth-1\"  >Schulthess<\/option><option value=\"Bauknecht\"  class=\"choice-4 depth-1\"  >Bauknecht<\/option><option value=\"Electrolux\"  class=\"choice-5 depth-1\"  >Electrolux<\/option><option value=\"Miele\"  class=\"choice-9 depth-1\"  >Miele<\/option><option value=\"Siemens\"  class=\"choice-6 depth-1\"  >Siemens<\/option><option value=\"Bosch\"  class=\"choice-7 depth-1\"  >Bosch<\/option><option value=\"Samsung\"  class=\"choice-10 depth-1\"  >Samsung<\/option><option value=\"Andere\"  class=\"choice-8 depth-1\"  >Andere<\/option><\/select><\/div><div id=\"wpforms-559-field_2-container\" class=\"wpforms-field wpforms-field-text\" data-field-id=\"2\"><label class=\"wpforms-field-label\" for=\"wpforms-559-field_2\">Typenbezeichnung<\/label><input type=\"text\" id=\"wpforms-559-field_2\" class=\"wpforms-field-medium\" name=\"wpforms[fields][2]\" ><\/div><div id=\"wpforms-559-field_8-container\" class=\"wpforms-field wpforms-field-text\" data-field-id=\"8\"><label class=\"wpforms-field-label\" for=\"wpforms-559-field_8\">Fehlercode<\/label><input type=\"text\" id=\"wpforms-559-field_8\" class=\"wpforms-field-medium\" name=\"wpforms[fields][8]\" ><\/div><div id=\"wpforms-559-field_9-container\" class=\"wpforms-field wpforms-field-textarea\" data-field-id=\"9\"><label class=\"wpforms-field-label\" for=\"wpforms-559-field_9\">Beschreibung des Mangel <span class=\"wpforms-required-label\">*<\/span><\/label><textarea id=\"wpforms-559-field_9\" class=\"wpforms-field-large wpforms-field-required\" name=\"wpforms[fields][9]\" required><\/textarea><\/div><\/div><!-- .wpforms-field-container --><div class=\"wpforms-field wpforms-field-hp\"><label for=\"wpforms-559-field-hp\" class=\"wpforms-field-label\">Message<\/label><input type=\"text\" name=\"wpforms[hp]\" id=\"wpforms-559-field-hp\" class=\"wpforms-field-medium\"><\/div><div class=\"wpforms-recaptcha-container wpforms-is-recaptcha wpforms-is-recaptcha-type-v3\" ><input type=\"hidden\" name=\"wpforms[recaptcha]\" value=\"\"><\/div><div class=\"wpforms-submit-container\" ><input type=\"hidden\" name=\"wpforms[id]\" value=\"559\"><input type=\"hidden\" name=\"page_title\" value=\"\"><input type=\"hidden\" name=\"page_url\" value=\"https:\/\/urbenag.ch\/fr\/wp-json\/wp\/v2\/pages\/8115\"><input type=\"hidden\" name=\"url_referer\" value=\"\"><button type=\"submit\" name=\"wpforms[submit]\" id=\"wpforms-submit-559\" class=\"wpforms-submit\" data-alt-text=\"Sende...\" data-submit-text=\"Senden\" aria-live=\"assertive\" value=\"wpforms-submit\">Senden<\/button><\/div><\/form><\/div>  <!-- .wpforms-container --><\/div>\n<\/div>\n\n<!-- Event snippet for Service Auftrag (Telefon oder E-mail) conversion page In your html page, add the snippet and call gtag_report_conversion when someone clicks on the chosen link or button. -->\n<script>\nfunction gtag_report_conversion(url) {\n  var callback = function () {\n    if (typeof(url) != 'undefined') {\n      window.location = url;\n    }\n  };\n  gtag('event', 'conversion', {\n      'send_to': 'AW-783384572\/PW1jCMibwZoBEPz_xfUC',\n      'event_callback': callback\n  });\n  return false;\n}\n<\/script>\n","protected":false},"excerpt":{"rendered":"<p>La vaisselle ne devient pas propre ! De l&#8217;eau s&#8217;\u00e9coule du lave-vaisselle ! L&#8217;eau n&#8217;est plus pomp\u00e9e ? Affiche-t-elle des codes d&#8217;erreur incompr\u00e9hensibles ? Nous parlons le langage du lave-vaisselle. Il suffit d&#8217;appeler : 077 277 71 43 Notre service de r\u00e9paration est pr\u00eat. Ou par e-mail. Les avantages Sur place. Dans la mesure du [&hellip;]<\/p>\n","protected":false},"author":1,"featured_media":0,"parent":8126,"menu_order":0,"comment_status":"closed","ping_status":"closed","template":"","meta":{"_uag_custom_page_level_css":"","site-sidebar-layout":"no-sidebar","site-content-layout":"default","ast-site-content-layout":"default","site-content-style":"default","site-sidebar-style":"default","ast-global-header-display":"","ast-banner-title-visibility":"","ast-main-header-display":"","ast-hfb-above-header-display":"","ast-hfb-below-header-display":"","ast-hfb-mobile-header-display":"","site-post-title":"","ast-breadcrumbs-content":"","ast-featured-img":"","footer-sml-layout":"","ast-disable-related-posts":"","theme-transparent-header-meta":"default","adv-header-id-meta":"","stick-header-meta":"","header-above-stick-meta":"","header-main-stick-meta":"","header-below-stick-meta":"","astra-migrate-meta-layouts":"default","ast-page-background-enabled":"default","ast-page-background-meta":{"desktop":{"background-color":"","background-image":"","background-repeat":"repeat","background-position":"center center","background-size":"auto","background-attachment":"scroll","background-type":"","background-media":"","overlay-type":"","overlay-color":"","overlay-opacity":"","overlay-gradient":""},"tablet":{"background-color":"","background-image":"","background-repeat":"repeat","background-position":"center center","background-size":"auto","background-attachment":"scroll","background-type":"","background-media":"","overlay-type":"","overlay-color":"","overlay-opacity":"","overlay-gradient":""},"mobile":{"background-color":"","background-image":"","background-repeat":"repeat","background-position":"center center","background-size":"auto","background-attachment":"scroll","background-type":"","background-media":"","overlay-type":"","overlay-color":"","overlay-opacity":"","overlay-gradient":""}},"ast-content-background-meta":{"desktop":{"background-color":"var(--ast-global-color-5)","background-image":"","background-repeat":"repeat","background-position":"center center","background-size":"auto","background-attachment":"scroll","background-type":"","background-media":"","overlay-type":"","overlay-color":"","overlay-opacity":"","overlay-gradient":""},"tablet":{"background-color":"var(--ast-global-color-5)","background-image":"","background-repeat":"repeat","background-position":"center center","background-size":"auto","background-attachment":"scroll","background-type":"","background-media":"","overlay-type":"","overlay-color":"","overlay-opacity":"","overlay-gradient":""},"mobile":{"background-color":"var(--ast-global-color-5)","background-image":"","background-repeat":"repeat","background-position":"center center","background-size":"auto","background-attachment":"scroll","background-type":"","background-media":"","overlay-type":"","overlay-color":"","overlay-opacity":"","overlay-gradient":""}},"footnotes":""},"class_list":["post-8115","page","type-page","status-publish","hentry"],"uagb_featured_image_src":{"full":false,"thumbnail":false,"medium":false,"medium_large":false,"large":false,"1536x1536":false,"2048x2048":false},"uagb_author_info":{"display_name":"Raphael","author_link":"https:\/\/urbenag.ch\/fr\/author\/rapsli\/"},"uagb_comment_info":0,"uagb_excerpt":"La vaisselle ne devient pas propre ! De l&#8217;eau s&#8217;\u00e9coule du lave-vaisselle ! L&#8217;eau n&#8217;est plus pomp\u00e9e ? Affiche-t-elle des codes d&#8217;erreur incompr\u00e9hensibles ? Nous parlons le langage du lave-vaisselle. Il suffit d&#8217;appeler : 077 277 71 43 Notre service de r\u00e9paration est pr\u00eat. Ou par e-mail. Les avantages Sur place. Dans la mesure du\u2026","_links":{"self":[{"href":"https:\/\/urbenag.ch\/fr\/wp-json\/wp\/v2\/pages\/8115","targetHints":{"allow":["GET"]}}],"collection":[{"href":"https:\/\/urbenag.ch\/fr\/wp-json\/wp\/v2\/pages"}],"about":[{"href":"https:\/\/urbenag.ch\/fr\/wp-json\/wp\/v2\/types\/page"}],"author":[{"embeddable":true,"href":"https:\/\/urbenag.ch\/fr\/wp-json\/wp\/v2\/users\/1"}],"replies":[{"embeddable":true,"href":"https:\/\/urbenag.ch\/fr\/wp-json\/wp\/v2\/comments?post=8115"}],"version-history":[{"count":0,"href":"https:\/\/urbenag.ch\/fr\/wp-json\/wp\/v2\/pages\/8115\/revisions"}],"up":[{"embeddable":true,"href":"https:\/\/urbenag.ch\/fr\/wp-json\/wp\/v2\/pages\/8126"}],"wp:attachment":[{"href":"https:\/\/urbenag.ch\/fr\/wp-json\/wp\/v2\/media?parent=8115"}],"curies":[{"name":"wp","href":"https:\/\/api.w.org\/{rel}","templated":true}]}}