{"id":8113,"date":"2019-03-21T13:32:59","date_gmt":"2019-03-21T12:32:59","guid":{"rendered":"https:\/\/urbenag.ch\/accueil\/"},"modified":"2026-01-12T09:08:38","modified_gmt":"2026-01-12T08:08:38","slug":"accueil","status":"publish","type":"page","link":"https:\/\/urbenag.ch\/fr\/","title":{"rendered":"Accueil"},"content":{"rendered":"\n<section class=\"wp-block-uagb-section uagb-section__wrap uagb-section__background-image uagb-block-535616d9\"><div class=\"uagb-section__overlay\"><\/div><div class=\"uagb-section__inner-wrap\">\n<div class=\"wp-block-uagb-advanced-heading uagb-block-735719dd\"><h2 class=\"uagb-heading-text\">Urben AG<\/h2><\/div>\n\n\n\n<div class=\"wp-block-uagb-advanced-heading uagb-block-cc71b6e2\"><h2 class=\"uagb-heading-text\">L&#8217;expert en appareils m\u00e9nagers<\/h2><\/div>\n<\/div><\/section>\n\n<section class=\"wp-block-uagb-section uagb-section__wrap uagb-section__background-none uagb-block-4b2acd78\"><div class=\"uagb-section__overlay\"><\/div><div class=\"uagb-section__inner-wrap\">\n\n\n\n\n<div style=\"height:100px\" aria-hidden=\"true\" class=\"wp-block-spacer\"><\/div>\n\n\n\n<div class=\"wp-block-uagb-advanced-heading uagb-block-24dd1187\" id=\"uagb-adv-heading-a4a7f3da-7f85-4c21-be4a-63634c596910\"><h2 class=\"uagb-heading-text\">C&#8217;est notre domaine d&#8217;expertise<\/h2><\/div>\n<\/div><\/section>\n\n<section class=\"wp-block-uagb-columns uagb-columns__wrap uagb-columns__background-none uagb-columns__stack-mobile uagb-columns__valign- uagb-columns__gap-10 align uagb-block-059d9ff6 uagb-columns__columns-3 uagb-columns__max_width-theme\"><div class=\"uagb-columns__overlay\"><\/div><div class=\"uagb-columns__inner-wrap uagb-columns__columns-3\">\n<div class=\"wp-block-uagb-column uagb-column__wrap uagb-column__background-undefined uagb-block-830b4638\"><div class=\"uagb-column__overlay\"><\/div>\n<div class=\"wp-block-uagb-advanced-heading uagb-block-14f22887\" id=\"uagb-adv-heading-8d95cb57-b8db-40a9-9729-980524155ea4\"><h4 class=\"uagb-heading-text\">Lave-vaisselle<\/h4><\/div>\n\n\n\n<figure class=\"wp-block-image aligncenter size-large is-resized\"><a href=\"https:\/\/urbenag.ch\/fr\/produits-et-services\/lave-vaisselle\/\"><img decoding=\"async\" src=\"https:\/\/urbenag.ch\/wp-content\/uploads\/2019\/01\/gs-miele-klein.jpg\" alt=\"\"\/><\/a><\/figure>\n<\/div>\n\n\n\n<div class=\"wp-block-uagb-column uagb-column__wrap uagb-column__background-undefined uagb-block-9114ad34\"><div class=\"uagb-column__overlay\"><\/div>\n<div class=\"wp-block-uagb-advanced-heading uagb-block-a325fe92\" id=\"uagb-adv-heading-4fb09f62-521b-44c7-91ec-146d9a73ba49\"><h4 class=\"uagb-heading-text\">Machine \u00e0 laver<\/h4><\/div>\n\n\n\n<div class=\"wp-block-uagb-image uagb-block-50f5612b wp-block-uagb-image--layout-default wp-block-uagb-image--effect-static wp-block-uagb-image--align-none\"><figure class=\"wp-block-uagb-image__figure\"><a class=\"\" href=\"https:\/\/urbenag.ch\/lp\/waschmaschinen-reparieren\/\" target=\"\" rel=\"noopener\"><img decoding=\"async\" srcset=\"https:\/\/urbenag.ch\/wp-content\/uploads\/2025\/09\/stellarie-schulthess-waschmaschine-150x150.jpg ,https:\/\/urbenag.ch\/wp-content\/uploads\/2025\/09\/stellarie-schulthess-waschmaschine.jpg 780w, https:\/\/urbenag.ch\/wp-content\/uploads\/2025\/09\/stellarie-schulthess-waschmaschine.jpg 360w\" sizes=\"auto, (max-width: 480px) 150px\" src=\"https:\/\/urbenag.ch\/wp-content\/uploads\/2025\/09\/stellarie-schulthess-waschmaschine-150x150.jpg\" alt=\"Waschmaschine Schulthess Stellaria\" class=\"uag-image-617\" width=\"170\" height=\"170\" title=\"stellarie-schulthess-waschmaschine\" loading=\"lazy\" role=\"img\"><\/a><\/figure><\/div>\n<\/div>\n\n\n\n<div class=\"wp-block-uagb-column uagb-column__wrap uagb-column__background-undefined uagb-block-a835b4c9\"><div class=\"uagb-column__overlay\"><\/div>\n<div class=\"wp-block-uagb-advanced-heading uagb-block-e656f2b2\" id=\"uagb-adv-heading-5757a7bb-3a28-400f-9824-c20ee7b21b30\"><h4 class=\"uagb-heading-text\">S\u00e8che-linge<\/h4><\/div>\n\n\n\n<figure class=\"wp-block-image aligncenter size-large\"><a href=\"https:\/\/urbenag.ch\/fr\/produits-et-services\/machine-a-laver-et-seche-linge\/\"><img decoding=\"async\" src=\"https:\/\/urbenag.ch\/wp-content\/uploads\/2019\/01\/tumbler-schulthess-klein.jpg\" alt=\"\"\/><\/a><\/figure>\n<\/div>\n<\/div><\/section>\n\n<section class=\"wp-block-uagb-columns uagb-columns__wrap uagb-columns__background-none uagb-columns__stack-mobile uagb-columns__valign- uagb-columns__gap-10 align uagb-block-d801324d uagb-columns__columns-3 uagb-columns__max_width-theme\"><div class=\"uagb-columns__overlay\"><\/div><div class=\"uagb-columns__inner-wrap uagb-columns__columns-3\">\n<div class=\"wp-block-uagb-column uagb-column__wrap uagb-column__background-undefined uagb-block-63d2e025\"><div class=\"uagb-column__overlay\"><\/div>\n<div class=\"wp-block-uagb-advanced-heading uagb-block-bc73326c\" id=\"uagb-adv-heading-51405157-b644-4ffa-a6a6-3c498635aa5c\"><h4 class=\"uagb-heading-text\">R\u00e9frig\u00e9rateur<\/h4><\/div>\n\n\n\n<figure class=\"wp-block-image aligncenter size-large\"><a href=\"https:\/\/urbenag.ch\/fr\/produits-et-services\/refrigerateur-et-congelateur\/\"><img decoding=\"async\" src=\"https:\/\/urbenag.ch\/wp-content\/uploads\/2019\/01\/v-zug-kuehlschrank.jpg\" alt=\"\"\/><\/a><\/figure>\n<\/div>\n\n\n\n<div class=\"wp-block-uagb-column uagb-column__wrap uagb-column__background-undefined uagb-block-7b9734a4\"><div class=\"uagb-column__overlay\"><\/div>\n<div class=\"wp-block-uagb-advanced-heading uagb-block-da295558\" id=\"uagb-adv-heading-382a56f5-425c-45fb-be06-4b20e4bd60aa\"><h4 class=\"uagb-heading-text\">Plaque de cuisson<\/h4><\/div>\n\n\n\n<figure class=\"wp-block-image aligncenter size-large\"><a href=\"https:\/\/urbenag.ch\/fr\/produits-et-services\/table-de-cuisson\/\"><img decoding=\"async\" src=\"https:\/\/urbenag.ch\/wp-content\/uploads\/2019\/01\/v-zug-kochfeld-klein.jpg\" alt=\"\"\/><\/a><\/figure>\n<\/div>\n\n\n\n<div class=\"wp-block-uagb-column uagb-column__wrap uagb-column__background-undefined uagb-block-4fccf258\"><div class=\"uagb-column__overlay\"><\/div>\n<div class=\"wp-block-uagb-advanced-heading uagb-block-7f1a2b35\" id=\"uagb-adv-heading-a363e053-af43-4be6-b82e-c31a77228de8\"><h4 class=\"uagb-heading-text\">Four<\/h4><\/div>\n\n\n\n<figure class=\"wp-block-image aligncenter size-large\"><a href=\"https:\/\/urbenag.ch\/fr\/produits-et-services\/four-steamer\/\"><img decoding=\"async\" src=\"https:\/\/urbenag.ch\/wp-content\/uploads\/2019\/01\/miele-backofen-klein.jpg\" alt=\"\"\/><\/a><\/figure>\n<\/div>\n<\/div><\/section>\n\n<section class=\"wp-block-uagb-columns uagb-columns__wrap uagb-columns__background-none uagb-columns__stack-mobile uagb-columns__valign- uagb-columns__gap-10 align uagb-block-82a86ddc uagb-columns__columns-3 uagb-columns__max_width-theme\"><div class=\"uagb-columns__overlay\"><\/div><div class=\"uagb-columns__inner-wrap uagb-columns__columns-3\">\n<div class=\"wp-block-uagb-column uagb-column__wrap uagb-column__background-undefined uagb-block-a7c8f708\"><div class=\"uagb-column__overlay\"><\/div>\n<div class=\"wp-block-uagb-advanced-heading uagb-block-f555744c\" id=\"uagb-adv-heading-03dc16ea-e241-42d4-8b91-d81cc8735c01\"><h4 class=\"uagb-heading-text\">Machine \u00e0 caf\u00e9<\/h4><\/div>\n\n\n\n<div class=\"wp-block-uagb-image uagb-block-449ee907 wp-block-uagb-image--layout-default wp-block-uagb-image--effect-static wp-block-uagb-image--align-none\"><figure class=\"wp-block-uagb-image__figure\"><a class=\"\" href=\"https:\/\/urbenag.ch\/wp-content\/uploads\/2019\/02\/jura-we6.jpeg\" target=\"\" rel=\"noopener\"><img decoding=\"async\" srcset=\"https:\/\/urbenag.ch\/wp-content\/uploads\/2019\/02\/jura-we6-300x300.jpeg ,https:\/\/urbenag.ch\/wp-content\/uploads\/2019\/02\/jura-we6.jpeg 780w, https:\/\/urbenag.ch\/wp-content\/uploads\/2019\/02\/jura-we6.jpeg 360w\" sizes=\"auto, (max-width: 480px) 150px\" src=\"https:\/\/urbenag.ch\/wp-content\/uploads\/2019\/02\/jura-we6-300x300.jpeg\" alt=\"Jura Kaffeemaschine\" class=\"uag-image-666\" width=\"170\" height=\"170\" title=\"jura-we6\" loading=\"lazy\" role=\"img\"><\/a><\/figure><\/div>\n<\/div>\n\n\n\n<div class=\"wp-block-uagb-column uagb-column__wrap uagb-column__background-undefined uagb-block-7d9966b6\"><div class=\"uagb-column__overlay\"><\/div>\n<div class=\"wp-block-uagb-advanced-heading uagb-block-8795d02e\" id=\"uagb-adv-heading-995e1471-d9f2-4591-9049-432eca50b045\"><h4 class=\"uagb-heading-text\">R\u00e9paration<\/h4><\/div>\n\n\n\n<figure class=\"wp-block-image aligncenter size-large\"><a href=\"https:\/\/urbenag.ch\/fr\/produits-et-services\/\"><img decoding=\"async\" src=\"https:\/\/urbenag.ch\/wp-content\/uploads\/2019\/01\/repair-klein.jpg\" alt=\"\"\/><\/a><\/figure>\n<\/div>\n\n\n\n<div class=\"wp-block-uagb-column uagb-column__wrap uagb-column__background-undefined uagb-block-8d9c2326\"><div class=\"uagb-column__overlay\"><\/div>\n<div class=\"wp-block-uagb-advanced-heading uagb-block-cb9c7cf4\" id=\"uagb-adv-heading-f6d288cb-7320-4ab7-a1a4-c9e56f058f71\"><h4 class=\"uagb-heading-text\">Conseil<\/h4><\/div>\n\n\n\n<p class=\"has-text-align-center has-very-light-gray-background-color has-background\"><br\/><strong>Appel \u00e0<\/strong><br\/><br\/><strong><a class=\"rank-math-link tel\" href=\"tel:0772777143\">077 277 71 43<\/a><\/strong> <br\/><\/p>\n<\/div>\n<\/div><\/section>\n\n<section class=\"wp-block-uagb-section uagb-section__wrap uagb-section__background-color uagb-block-00d8bf62\"><div class=\"uagb-section__overlay\"><\/div><div class=\"uagb-section__inner-wrap\">\n<div class=\"wp-block-uagb-advanced-heading uagb-block-3680c718\" id=\"uagb-adv-heading-2fe58109-98e2-4764-abc7-2677b68926c4\"><h2 class=\"uagb-heading-text\">Comment pouvons-nous vous aidez ?<\/h2><\/div>\n\n\n\n<section class=\"wp-block-uagb-columns uagb-columns__wrap uagb-columns__background-none uagb-columns__stack-mobile uagb-columns__valign- uagb-columns__gap-10 align uagb-block-059b23a8 uagb-columns__columns-3 uagb-columns__max_width-theme\"><div class=\"uagb-columns__overlay\"><\/div><div class=\"uagb-columns__inner-wrap uagb-columns__columns-3\">\n<div class=\"wp-block-uagb-column uagb-column__wrap uagb-column__background-undefined uagb-block-d6275764\"><div class=\"uagb-column__overlay\"><\/div>\n<div class=\"wp-block-uagb-info-box uagb-block-5d02f977 uagb-infobox__content-wrap  uagb-infobox-icon-above-title uagb-infobox-image-valign-top\"><div class=\"uagb-ifb-content\"><div class=\"uagb-ifb-image-content\"><img decoding=\"async\" src=\"https:\/\/websitedemos.net\/life-coach-sara-john-07\/wp-content\/uploads\/sites\/447\/2019\/05\/icon01-free-img.png\" alt=\"\" width=\"56\" height=\"56\" loading=\"lazy\"\/><\/div><div class=\"uagb-ifb-title-wrap\"><h4 class=\"uagb-ifb-title\">Nouvel achat<\/h4><\/div><p class=\"uagb-ifb-desc\">Lave-linge, lave-vaisselle, four, s\u00e8che-linge, hotte aspirante, r\u00e9frig\u00e9rateur, machine \u00e0 caf\u00e9 ou cong\u00e9lateur. Chez nous, vous trouverez certainement l&#8217;appareil qui vous convient.<\/p><\/div><\/div>\n<\/div>\n\n\n\n<div class=\"wp-block-uagb-column uagb-column__wrap uagb-column__background-undefined uagb-block-f537f60c\"><div class=\"uagb-column__overlay\"><\/div>\n<div class=\"wp-block-uagb-info-box uagb-block-f25df689 uagb-infobox__content-wrap  uagb-infobox-icon-above-title uagb-infobox-image-valign-top\"><div class=\"uagb-ifb-content\"><div class=\"uagb-ifb-image-content\"><img decoding=\"async\" src=\"https:\/\/websitedemos.net\/life-coach-sara-john-07\/wp-content\/uploads\/sites\/447\/2019\/05\/icon02-free-img.png\" alt=\"\" width=\"56\" height=\"56\" loading=\"lazy\"\/><\/div><div class=\"uagb-ifb-title-wrap\"><h4 class=\"uagb-ifb-title\">Location<\/h4><\/div><p class=\"uagb-ifb-desc\">Vous organisez une f\u00eate ? Une bonne machine \u00e0 caf\u00e9 et un bon r\u00e9frig\u00e9rateur sont la pierre angulaire d&#8217;une f\u00eate r\u00e9ussie. Contactez-nous.<\/p><\/div><\/div>\n<\/div>\n\n\n\n<div class=\"wp-block-uagb-column uagb-column__wrap uagb-column__background-undefined uagb-block-64459b98\"><div class=\"uagb-column__overlay\"><\/div>\n<div class=\"wp-block-uagb-info-box uagb-block-39f48342 uagb-infobox__content-wrap  uagb-infobox-icon-above-title uagb-infobox-image-valign-top\"><div class=\"uagb-ifb-content\"><div class=\"uagb-ifb-image-content\"><img decoding=\"async\" src=\"https:\/\/websitedemos.net\/life-coach-sara-john-07\/wp-content\/uploads\/sites\/447\/2019\/05\/icon03-free-img.png\" alt=\"\" width=\"56\" height=\"56\" loading=\"lazy\"\/><\/div><div class=\"uagb-ifb-title-wrap\"><h4 class=\"uagb-ifb-title\">R\u00e9paration<\/h4><\/div><p class=\"uagb-ifb-desc\">Votre appareil \u00e9lectrom\u00e9nager a rendu l&#8217;\u00e2me ou fait des bruits bizarres, la vaisselle n&#8217;est plus propre ou l&#8217;eau ne s&#8217;\u00e9coule plus ? Nous pouvons vous aider. <\/p><\/div><\/div>\n<\/div>\n<\/div><\/section>\n\n\n\n<div class=\"wp-block-uagb-buttons uagb-buttons__outer-wrap uagb-btn__default-btn uagb-btn-tablet__default-btn uagb-btn-mobile__default-btn uagb-block-a579ebe2\"><div class=\"uagb-buttons__wrap uagb-buttons-layout-wrap \">\n<div class=\"wp-block-uagb-buttons-child uagb-buttons__outer-wrap uagb-block-94bbe854 wp-block-button\"><div class=\"uagb-button__wrapper\"><a class=\"uagb-buttons-repeater wp-block-button__link\" aria-label=\"\" href=\"https:\/\/urbenag.ch\/fr\/produits-et-services\/\" rel=\"follow noopener\" target=\"_self\" role=\"button\"><div class=\"uagb-button__link\">En savoir plus<\/div><\/a><\/div><\/div>\n<\/div><\/div>\n\n\n\n<p><\/p>\n<\/div><\/section>\n\n<div style=\"height:65px\" aria-hidden=\"true\" class=\"wp-block-spacer\"><\/div>\n\n<section class=\"wp-block-uagb-section uagb-section__wrap uagb-section__background-undefined uagb-block-df948080\"><div class=\"uagb-section__overlay\"><\/div><div class=\"uagb-section__inner-wrap\">\n<div class=\"wp-block-uagb-advanced-heading uagb-block-097981cd\" id=\"uagb-adv-heading-89cd800b-d585-4150-8543-7b11deb12d96\"><h2 class=\"uagb-heading-text\">Actualit\u00e9s, conseils et astuces<\/h2><\/div>\n\n\n\n<div style=\"height:70px\" aria-hidden=\"true\" class=\"wp-block-spacer\"><\/div>\n\n\n\n\t\t\t<div class=\"wp-block-uagb-post-grid uagb-post-grid  uagb-post__image-position-top uagb-post__image-enabled uagb-block-9a5b3af0     uagb-post__items uagb-post__columns-3 is-grid uagb-post__columns-tablet-2 uagb-post__columns-mobile-1 uagb-post__equal-height\" data-total=\"1\" style=\"\">\n\n\t\t\t\t\t\t\t\t\t\t\t\t<article class=\"uagb-post__inner-wrap\">\t\t\t\t\t\t\t\t<div class='uagb-post__image'>\n\t\t\t\t\t\t\t\t\t<a href=\"https:\/\/urbenag.ch\/fr\/classe-defficacite-energetique-des-refrigerateurs-ce-que-tu-dois-savoir-pour-economiser-de-largent\/\" target=\"_self\" rel=\"bookmark noopener noreferrer\" class='uagb-image-ratio-inherit'><img loading=\"lazy\" decoding=\"async\" width=\"1024\" height=\"576\" src=\"https:\/\/urbenag.ch\/wp-content\/uploads\/2022\/12\/blog-header-energieeffizienzklasse-1024x576.jpg\" class=\"attachment-large size-large\" alt=\"\" srcset=\"https:\/\/urbenag.ch\/wp-content\/uploads\/2022\/12\/blog-header-energieeffizienzklasse-1024x576.jpg 1024w, https:\/\/urbenag.ch\/wp-content\/uploads\/2022\/12\/blog-header-energieeffizienzklasse-300x169.jpg 300w, https:\/\/urbenag.ch\/wp-content\/uploads\/2022\/12\/blog-header-energieeffizienzklasse-768x432.jpg 768w, https:\/\/urbenag.ch\/wp-content\/uploads\/2022\/12\/blog-header-energieeffizienzklasse-1536x864.jpg 1536w, https:\/\/urbenag.ch\/wp-content\/uploads\/2022\/12\/blog-header-energieeffizienzklasse.jpg 1920w\" sizes=\"auto, (max-width: 1024px) 100vw, 1024px\" \/>\t\t\t\t\t<\/a>\n\t\t\t\t\t\t\t<\/div>\n\t\t\t\t\t\t<h5 class=\"uagb-post__title uagb-post__text\">\n\t\t\t\t<a href=\"https:\/\/urbenag.ch\/fr\/classe-defficacite-energetique-des-refrigerateurs-ce-que-tu-dois-savoir-pour-economiser-de-largent\/\" target=\"_self\" rel=\"bookmark noopener noreferrer\">Classe d&#8217;efficacit\u00e9 \u00e9nerg\u00e9tique des r\u00e9frig\u00e9rateurs &#8211; Ce que tu dois savoir pour \u00e9conomiser de l&#8217;argent<\/a>\n\t\t\t<\/h5>\n\t\t\t\t\t\t<div class='uagb-post__text uagb-post-grid-byline'>\n\t\t\t\t\t\t\t\t<time datetime=\"2022-12-21T15:36:58+01:00\" class=\"uagb-post__date\">\n\t\t\t\t<span class=\"dashicons-calendar dashicons\"><\/span>\t\t\t\t\t21 d\u00e9cembre 2022\t\t\t\t<\/time>\n\t\t\t\t\t\t\t<span class=\"uagb-post__comment\">\n\t\t\t\t<span class=\"dashicons-admin-comments dashicons\"><\/span>\t\t\t\t\tAucun commentaire\t\t\t\t<\/span>\n\t\t\t\t\t\t<\/div>\n\t\t\t\t\t\t\t<div class='uagb-post__text uagb-post__excerpt'>\n\t\t\t\t\t<p>I. Introduction Classe d&#8217;efficacit\u00e9 \u00e9nerg\u00e9tique R\u00e9frig\u00e9rateur Si tu sais d\u00e9j\u00e0&#8230;\t\t\t\t<\/div>\n\t\t\t\n\t\t\t\t\t\t\t\t\t<\/article>\n\t\t\t\t\t\t\t\t\t\t\t\t\t\t\t\t<article class=\"uagb-post__inner-wrap\">\t\t\t\t\t\t\t\t<div class='uagb-post__image'>\n\t\t\t\t\t\t\t\t\t<a href=\"https:\/\/urbenag.ch\/fr\/reparer-sa-machine-a-laver-est-ce-que-cela-vaut-vraiment-la-peine\/\" target=\"_self\" rel=\"bookmark noopener noreferrer\" class='uagb-image-ratio-inherit'><img loading=\"lazy\" decoding=\"async\" width=\"1024\" height=\"686\" src=\"https:\/\/urbenag.ch\/wp-content\/uploads\/2022\/05\/washing-machine-g5a3a863fc_1280-1-1024x686.jpg\" class=\"attachment-large size-large\" alt=\"\" srcset=\"https:\/\/urbenag.ch\/wp-content\/uploads\/2022\/05\/washing-machine-g5a3a863fc_1280-1-1024x686.jpg 1024w, https:\/\/urbenag.ch\/wp-content\/uploads\/2022\/05\/washing-machine-g5a3a863fc_1280-1-300x201.jpg 300w, https:\/\/urbenag.ch\/wp-content\/uploads\/2022\/05\/washing-machine-g5a3a863fc_1280-1-768x514.jpg 768w, https:\/\/urbenag.ch\/wp-content\/uploads\/2022\/05\/washing-machine-g5a3a863fc_1280-1-600x402.jpg 600w, https:\/\/urbenag.ch\/wp-content\/uploads\/2022\/05\/washing-machine-g5a3a863fc_1280-1.jpg 1280w\" sizes=\"auto, (max-width: 1024px) 100vw, 1024px\" \/>\t\t\t\t\t<\/a>\n\t\t\t\t\t\t\t<\/div>\n\t\t\t\t\t\t<h5 class=\"uagb-post__title uagb-post__text\">\n\t\t\t\t<a href=\"https:\/\/urbenag.ch\/fr\/reparer-sa-machine-a-laver-est-ce-que-cela-vaut-vraiment-la-peine\/\" target=\"_self\" rel=\"bookmark noopener noreferrer\">R\u00e9parer sa machine \u00e0 laver &#8211; est-ce que cela vaut vraiment la peine ?<\/a>\n\t\t\t<\/h5>\n\t\t\t\t\t\t<div class='uagb-post__text uagb-post-grid-byline'>\n\t\t\t\t\t\t\t\t<time datetime=\"2022-05-19T13:45:35+02:00\" class=\"uagb-post__date\">\n\t\t\t\t<span class=\"dashicons-calendar dashicons\"><\/span>\t\t\t\t\t19 mai 2022\t\t\t\t<\/time>\n\t\t\t\t\t\t\t<span class=\"uagb-post__comment\">\n\t\t\t\t<span class=\"dashicons-admin-comments dashicons\"><\/span>\t\t\t\t\tAucun commentaire\t\t\t\t<\/span>\n\t\t\t\t\t\t<\/div>\n\t\t\t\t\t\t\t<div class='uagb-post__text uagb-post__excerpt'>\n\t\t\t\t\t<p>Grand Malheur &#8230; la machine \u00e0 laver a rendu l&#8217;\u00e2me&#8230;\t\t\t\t<\/div>\n\t\t\t\n\t\t\t\t\t\t\t\t\t<\/article>\n\t\t\t\t\t\t\t\t\t\t\t\t\t\t\t\t<article class=\"uagb-post__inner-wrap\">\t\t\t\t\t\t\t\t<div class='uagb-post__image'>\n\t\t\t\t\t\t\t\t\t<a href=\"https:\/\/urbenag.ch\/fr\/au-secours-mon-lave-vaisselle-miele-fait-des-bruits-bizarres-des-claquements\/\" target=\"_self\" rel=\"bookmark noopener noreferrer\" class='uagb-image-ratio-inherit'><img loading=\"lazy\" decoding=\"async\" width=\"1000\" height=\"563\" src=\"https:\/\/urbenag.ch\/wp-content\/uploads\/2021\/01\/IMG_20210128_070549.jpg\" class=\"attachment-large size-large\" alt=\"\" srcset=\"https:\/\/urbenag.ch\/wp-content\/uploads\/2021\/01\/IMG_20210128_070549.jpg 1000w, https:\/\/urbenag.ch\/wp-content\/uploads\/2021\/01\/IMG_20210128_070549-300x169.jpg 300w, https:\/\/urbenag.ch\/wp-content\/uploads\/2021\/01\/IMG_20210128_070549-768x432.jpg 768w, https:\/\/urbenag.ch\/wp-content\/uploads\/2021\/01\/IMG_20210128_070549-600x338.jpg 600w\" sizes=\"auto, (max-width: 1000px) 100vw, 1000px\" \/>\t\t\t\t\t<\/a>\n\t\t\t\t\t\t\t<\/div>\n\t\t\t\t\t\t<h5 class=\"uagb-post__title uagb-post__text\">\n\t\t\t\t<a href=\"https:\/\/urbenag.ch\/fr\/au-secours-mon-lave-vaisselle-miele-fait-des-bruits-bizarres-des-claquements\/\" target=\"_self\" rel=\"bookmark noopener noreferrer\">Au secours ! Mon lave-vaisselle Miele fait des bruits bizarres &#8211; des claquements<\/a>\n\t\t\t<\/h5>\n\t\t\t\t\t\t<div class='uagb-post__text uagb-post-grid-byline'>\n\t\t\t\t\t\t\t\t<time datetime=\"2021-01-28T08:50:33+01:00\" class=\"uagb-post__date\">\n\t\t\t\t<span class=\"dashicons-calendar dashicons\"><\/span>\t\t\t\t\t28 janvier 2021\t\t\t\t<\/time>\n\t\t\t\t\t\t\t<span class=\"uagb-post__comment\">\n\t\t\t\t<span class=\"dashicons-admin-comments dashicons\"><\/span>\t\t\t\t\tAucun commentaire\t\t\t\t<\/span>\n\t\t\t\t\t\t<\/div>\n\t\t\t\t\t\t\t<div class='uagb-post__text uagb-post__excerpt'>\n\t\t\t\t\t<p>Le lave-vaisselle est l&#8217;une des inventions les plus utiles, qui&#8230;\t\t\t\t<\/div>\n\t\t\t\n\t\t\t\t\t\t\t\t\t<\/article>\n\t\t\t\t\t\t\t\t\t\t\t<\/div>\n\t\t\t<\/div><\/section>\n","protected":false},"excerpt":{"rendered":"<p>Lave-vaisselle Machine \u00e0 laver S\u00e8che-linge R\u00e9frig\u00e9rateur Plaque de cuisson Four Machine \u00e0 caf\u00e9 R\u00e9paration Conseil Appel \u00e0 077 277 71 43<\/p>\n","protected":false},"author":1,"featured_media":0,"parent":0,"menu_order":0,"comment_status":"closed","ping_status":"closed","template":"","meta":{"_uag_custom_page_level_css":"","site-sidebar-layout":"no-sidebar","site-content-layout":"page-builder","ast-site-content-layout":"full-width-container","site-content-style":"unboxed","site-sidebar-style":"unboxed","ast-global-header-display":"","ast-banner-title-visibility":"","ast-main-header-display":"","ast-hfb-above-header-display":"","ast-hfb-below-header-display":"","ast-hfb-mobile-header-display":"","site-post-title":"disabled","ast-breadcrumbs-content":"","ast-featured-img":"disabled","footer-sml-layout":"","ast-disable-related-posts":"","theme-transparent-header-meta":"default","adv-header-id-meta":"","stick-header-meta":"","header-above-stick-meta":"","header-main-stick-meta":"","header-below-stick-meta":"","astra-migrate-meta-layouts":"default","ast-page-background-enabled":"default","ast-page-background-meta":{"desktop":{"background-color":"","background-image":"","background-repeat":"repeat","background-position":"center center","background-size":"auto","background-attachment":"scroll","background-type":"","background-media":"","overlay-type":"","overlay-color":"","overlay-opacity":"","overlay-gradient":""},"tablet":{"background-color":"","background-image":"","background-repeat":"repeat","background-position":"center center","background-size":"auto","background-attachment":"scroll","background-type":"","background-media":"","overlay-type":"","overlay-color":"","overlay-opacity":"","overlay-gradient":""},"mobile":{"background-color":"","background-image":"","background-repeat":"repeat","background-position":"center center","background-size":"auto","background-attachment":"scroll","background-type":"","background-media":"","overlay-type":"","overlay-color":"","overlay-opacity":"","overlay-gradient":""}},"ast-content-background-meta":{"desktop":{"background-color":"var(--ast-global-color-5)","background-image":"","background-repeat":"repeat","background-position":"center center","background-size":"auto","background-attachment":"scroll","background-type":"","background-media":"","overlay-type":"","overlay-color":"","overlay-opacity":"","overlay-gradient":""},"tablet":{"background-color":"var(--ast-global-color-5)","background-image":"","background-repeat":"repeat","background-position":"center center","background-size":"auto","background-attachment":"scroll","background-type":"","background-media":"","overlay-type":"","overlay-color":"","overlay-opacity":"","overlay-gradient":""},"mobile":{"background-color":"var(--ast-global-color-5)","background-image":"","background-repeat":"repeat","background-position":"center center","background-size":"auto","background-attachment":"scroll","background-type":"","background-media":"","overlay-type":"","overlay-color":"","overlay-opacity":"","overlay-gradient":""}},"footnotes":""},"class_list":["post-8113","page","type-page","status-publish","hentry"],"uagb_featured_image_src":{"full":false,"thumbnail":false,"medium":false,"medium_large":false,"large":false,"1536x1536":false,"2048x2048":false},"uagb_author_info":{"display_name":"Raphael","author_link":"https:\/\/urbenag.ch\/fr\/author\/rapsli\/"},"uagb_comment_info":0,"uagb_excerpt":"Lave-vaisselle Machine \u00e0 laver S\u00e8che-linge R\u00e9frig\u00e9rateur Plaque de cuisson Four Machine \u00e0 caf\u00e9 R\u00e9paration Conseil Appel \u00e0 077 277 71 43","_links":{"self":[{"href":"https:\/\/urbenag.ch\/fr\/wp-json\/wp\/v2\/pages\/8113","targetHints":{"allow":["GET"]}}],"collection":[{"href":"https:\/\/urbenag.ch\/fr\/wp-json\/wp\/v2\/pages"}],"about":[{"href":"https:\/\/urbenag.ch\/fr\/wp-json\/wp\/v2\/types\/page"}],"author":[{"embeddable":true,"href":"https:\/\/urbenag.ch\/fr\/wp-json\/wp\/v2\/users\/1"}],"replies":[{"embeddable":true,"href":"https:\/\/urbenag.ch\/fr\/wp-json\/wp\/v2\/comments?post=8113"}],"version-history":[{"count":7,"href":"https:\/\/urbenag.ch\/fr\/wp-json\/wp\/v2\/pages\/8113\/revisions"}],"predecessor-version":[{"id":8873,"href":"https:\/\/urbenag.ch\/fr\/wp-json\/wp\/v2\/pages\/8113\/revisions\/8873"}],"wp:attachment":[{"href":"https:\/\/urbenag.ch\/fr\/wp-json\/wp\/v2\/media?parent=8113"}],"curies":[{"name":"wp","href":"https:\/\/api.w.org\/{rel}","templated":true}]}}